{"id":209846,"date":"2023-09-27T10:13:26","date_gmt":"2023-09-27T10:13:26","guid":{"rendered":"https:\/\/spaipiscines.com\/?post_type=product&#038;p=209846"},"modified":"2023-09-27T10:16:49","modified_gmt":"2023-09-27T10:16:49","slug":"spa-kenya-platinum","status":"publish","type":"product","link":"https:\/\/www.spaipiscines.com\/es\/producte\/spa-kenya-platinum\/","title":{"rendered":"Spa Kenya Platinum"},"content":{"rendered":"<h2 style=\"text-align: center;\">Qualitat, estil i comoditat per a 5 persones<\/h2>\n<p>El Kenya \u00e9s un spa de mida mitjana dissenyat per a cinc persones amb dues tumbones i tres seients. Inclou 52 jets, jocs d\u00b4aigua i llums LED. Amb 2 bombes de 2 HP, la pressi\u00f3 del jet \u00e9s potent i, per tant, la hidroter\u00e0pia \u00e9s excepcional.<\/p>\n<p>Places 5<br \/>\nMesura 2100 x 2100 x 940mm<br \/>\nDistribuci\u00f3 3 seients + 2 tumbona<br \/>\nJets 52<br \/>\nIluminaci\u00f3 LED \u2713<br \/>\nM\u00fasica Bluetooth<br \/>\nOz\u00f3 \u2713<br \/>\nAillament \u2713<br \/>\nEs necessiten 32 AMP d&#8217;electricitat<br \/>\nCalentador de 3kw<br \/>\nBombes 2 x 2 HP<br \/>\nBomba de filtraci\u00f3 1 x 0.5 HP<\/p>\n<p>&nbsp;<\/p>\n<p>Disponible en els seg\u00fcents colors:<\/p>\n<p><img fetchpriority=\"high\" decoding=\"async\" class=\"alignnone wp-image-209818\" src=\"https:\/\/spaipiscines.com\/wp-content\/uploads\/2023\/09\/colors-roma-300x56.jpg\" alt=\"\" width=\"1034\" height=\"193\" srcset=\"https:\/\/www.spaipiscines.com\/wp-content\/uploads\/2023\/09\/colors-roma-300x56.jpg 300w, https:\/\/www.spaipiscines.com\/wp-content\/uploads\/2023\/09\/colors-roma-768x144.jpg 768w, https:\/\/www.spaipiscines.com\/wp-content\/uploads\/2023\/09\/colors-roma-700x131.jpg 700w, https:\/\/www.spaipiscines.com\/wp-content\/uploads\/2023\/09\/colors-roma.jpg 800w\" sizes=\"(max-width: 1034px) 100vw, 1034px\" \/><\/p>\n<p>&nbsp;<\/p>\n","protected":false},"excerpt":{"rendered":"<p>Qualitat, estil i comoditat per a 5 persones El Kenya \u00e9s un spa de mida mitjana dissenyat per a cinc persones amb dues tumbones i tres seients. Inclou 52 jets, jocs d\u00b4aigua i llums LED. Amb 2 bombes de 2 HP, la pressi\u00f3 del jet \u00e9s potent i, per tant, la hidroter\u00e0pia \u00e9s excepcional. Places &#8230; <a title=\"Spa Kenya Platinum\" class=\"read-more\" href=\"https:\/\/www.spaipiscines.com\/es\/producte\/spa-kenya-platinum\/\" aria-label=\"Leer m\u00e1s sobre Spa Kenya Platinum\">Leer m\u00e1s<\/a><\/p>\n","protected":false},"featured_media":209847,"comment_status":"open","ping_status":"closed","template":"","meta":[],"product_brand":[],"product_cat":[24,55],"product_tag":[],"class_list":{"0":"post-209846","1":"product","2":"type-product","3":"status-publish","4":"has-post-thumbnail","6":"product_cat-spas","7":"product_cat-spas-platinum","9":"first","10":"instock","11":"shipping-taxable","12":"product-type-simple"},"yoast_head":"<!-- This site is optimized with the Yoast SEO plugin v27.2 - https:\/\/yoast.com\/product\/yoast-seo-wordpress\/ -->\n<title>Spa Kenya Platinum - Spa i Piscines<\/title>\n<meta name=\"robots\" content=\"index, follow, max-snippet:-1, max-image-preview:large, max-video-preview:-1\" \/>\n<link rel=\"canonical\" href=\"https:\/\/www.spaipiscines.com\/es\/producte\/spa-kenya-platinum\/\" \/>\n<meta property=\"og:locale\" content=\"es_ES\" \/>\n<meta property=\"og:type\" content=\"article\" \/>\n<meta property=\"og:title\" content=\"Spa Kenya Platinum - Spa i Piscines\" \/>\n<meta property=\"og:description\" content=\"Qualitat, estil i comoditat per a 5 persones El Kenya \u00e9s un spa de mida mitjana dissenyat per a cinc persones amb dues tumbones i tres seients. Inclou 52 jets, jocs d\u00b4aigua i llums LED. Amb 2 bombes de 2 HP, la pressi\u00f3 del jet \u00e9s potent i, per tant, la hidroter\u00e0pia \u00e9s excepcional. Places ... Leer m\u00e1s\" \/>\n<meta property=\"og:url\" content=\"https:\/\/www.spaipiscines.com\/es\/producte\/spa-kenya-platinum\/\" \/>\n<meta property=\"og:site_name\" content=\"Spa i Piscines\" \/>\n<meta property=\"article:modified_time\" content=\"2023-09-27T10:16:49+00:00\" \/>\n<meta property=\"og:image\" content=\"https:\/\/www.spaipiscines.com\/wp-content\/uploads\/2023\/09\/spa-kenya.jpg\" \/>\n\t<meta property=\"og:image:width\" content=\"800\" \/>\n\t<meta property=\"og:image:height\" content=\"614\" \/>\n\t<meta property=\"og:image:type\" content=\"image\/jpeg\" \/>\n<meta name=\"twitter:card\" content=\"summary_large_image\" \/>\n<meta name=\"twitter:label1\" content=\"Tiempo de lectura\" \/>\n\t<meta name=\"twitter:data1\" content=\"1 minuto\" \/>\n<script type=\"application\/ld+json\" class=\"yoast-schema-graph\">{\"@context\":\"https:\/\/schema.org\",\"@graph\":[{\"@type\":\"WebPage\",\"@id\":\"https:\/\/www.spaipiscines.com\/es\/producte\/spa-kenya-platinum\/\",\"url\":\"https:\/\/www.spaipiscines.com\/es\/producte\/spa-kenya-platinum\/\",\"name\":\"Spa Kenya Platinum - Spa i Piscines\",\"isPartOf\":{\"@id\":\"https:\/\/www.spaipiscines.com\/es\/#website\"},\"primaryImageOfPage\":{\"@id\":\"https:\/\/www.spaipiscines.com\/es\/producte\/spa-kenya-platinum\/#primaryimage\"},\"image\":{\"@id\":\"https:\/\/www.spaipiscines.com\/es\/producte\/spa-kenya-platinum\/#primaryimage\"},\"thumbnailUrl\":\"https:\/\/www.spaipiscines.com\/wp-content\/uploads\/2023\/09\/spa-kenya.jpg\",\"datePublished\":\"2023-09-27T10:13:26+00:00\",\"dateModified\":\"2023-09-27T10:16:49+00:00\",\"breadcrumb\":{\"@id\":\"https:\/\/www.spaipiscines.com\/es\/producte\/spa-kenya-platinum\/#breadcrumb\"},\"inLanguage\":\"es\",\"potentialAction\":[{\"@type\":\"ReadAction\",\"target\":[\"https:\/\/www.spaipiscines.com\/es\/producte\/spa-kenya-platinum\/\"]}]},{\"@type\":\"ImageObject\",\"inLanguage\":\"es\",\"@id\":\"https:\/\/www.spaipiscines.com\/es\/producte\/spa-kenya-platinum\/#primaryimage\",\"url\":\"https:\/\/www.spaipiscines.com\/wp-content\/uploads\/2023\/09\/spa-kenya.jpg\",\"contentUrl\":\"https:\/\/www.spaipiscines.com\/wp-content\/uploads\/2023\/09\/spa-kenya.jpg\",\"width\":800,\"height\":614},{\"@type\":\"BreadcrumbList\",\"@id\":\"https:\/\/www.spaipiscines.com\/es\/producte\/spa-kenya-platinum\/#breadcrumb\",\"itemListElement\":[{\"@type\":\"ListItem\",\"position\":1,\"name\":\"Inici\",\"item\":\"https:\/\/www.spaipiscines.com\/es\/\"},{\"@type\":\"ListItem\",\"position\":2,\"name\":\"Tienda\",\"item\":\"https:\/\/www.spaipiscines.com\/es\/tienda\/\"},{\"@type\":\"ListItem\",\"position\":3,\"name\":\"Spa Kenya Platinum\"}]},{\"@type\":\"WebSite\",\"@id\":\"https:\/\/www.spaipiscines.com\/es\/#website\",\"url\":\"https:\/\/www.spaipiscines.com\/es\/\",\"name\":\"Spa i Piscines\",\"description\":\"Fabricaci\u00f3 i muntatge de piscines a Girona\",\"potentialAction\":[{\"@type\":\"SearchAction\",\"target\":{\"@type\":\"EntryPoint\",\"urlTemplate\":\"https:\/\/www.spaipiscines.com\/es\/?s={search_term_string}\"},\"query-input\":{\"@type\":\"PropertyValueSpecification\",\"valueRequired\":true,\"valueName\":\"search_term_string\"}}],\"inLanguage\":\"es\"}]}<\/script>\n<!-- \/ Yoast SEO plugin. -->","yoast_head_json":{"title":"Spa Kenya Platinum - Spa i Piscines","robots":{"index":"index","follow":"follow","max-snippet":"max-snippet:-1","max-image-preview":"max-image-preview:large","max-video-preview":"max-video-preview:-1"},"canonical":"https:\/\/www.spaipiscines.com\/es\/producte\/spa-kenya-platinum\/","og_locale":"es_ES","og_type":"article","og_title":"Spa Kenya Platinum - Spa i Piscines","og_description":"Qualitat, estil i comoditat per a 5 persones El Kenya \u00e9s un spa de mida mitjana dissenyat per a cinc persones amb dues tumbones i tres seients. Inclou 52 jets, jocs d\u00b4aigua i llums LED. Amb 2 bombes de 2 HP, la pressi\u00f3 del jet \u00e9s potent i, per tant, la hidroter\u00e0pia \u00e9s excepcional. Places ... Leer m\u00e1s","og_url":"https:\/\/www.spaipiscines.com\/es\/producte\/spa-kenya-platinum\/","og_site_name":"Spa i Piscines","article_modified_time":"2023-09-27T10:16:49+00:00","og_image":[{"width":800,"height":614,"url":"https:\/\/www.spaipiscines.com\/wp-content\/uploads\/2023\/09\/spa-kenya.jpg","type":"image\/jpeg"}],"twitter_card":"summary_large_image","twitter_misc":{"Tiempo de lectura":"1 minuto"},"schema":{"@context":"https:\/\/schema.org","@graph":[{"@type":"WebPage","@id":"https:\/\/www.spaipiscines.com\/es\/producte\/spa-kenya-platinum\/","url":"https:\/\/www.spaipiscines.com\/es\/producte\/spa-kenya-platinum\/","name":"Spa Kenya Platinum - Spa i Piscines","isPartOf":{"@id":"https:\/\/www.spaipiscines.com\/es\/#website"},"primaryImageOfPage":{"@id":"https:\/\/www.spaipiscines.com\/es\/producte\/spa-kenya-platinum\/#primaryimage"},"image":{"@id":"https:\/\/www.spaipiscines.com\/es\/producte\/spa-kenya-platinum\/#primaryimage"},"thumbnailUrl":"https:\/\/www.spaipiscines.com\/wp-content\/uploads\/2023\/09\/spa-kenya.jpg","datePublished":"2023-09-27T10:13:26+00:00","dateModified":"2023-09-27T10:16:49+00:00","breadcrumb":{"@id":"https:\/\/www.spaipiscines.com\/es\/producte\/spa-kenya-platinum\/#breadcrumb"},"inLanguage":"es","potentialAction":[{"@type":"ReadAction","target":["https:\/\/www.spaipiscines.com\/es\/producte\/spa-kenya-platinum\/"]}]},{"@type":"ImageObject","inLanguage":"es","@id":"https:\/\/www.spaipiscines.com\/es\/producte\/spa-kenya-platinum\/#primaryimage","url":"https:\/\/www.spaipiscines.com\/wp-content\/uploads\/2023\/09\/spa-kenya.jpg","contentUrl":"https:\/\/www.spaipiscines.com\/wp-content\/uploads\/2023\/09\/spa-kenya.jpg","width":800,"height":614},{"@type":"BreadcrumbList","@id":"https:\/\/www.spaipiscines.com\/es\/producte\/spa-kenya-platinum\/#breadcrumb","itemListElement":[{"@type":"ListItem","position":1,"name":"Inici","item":"https:\/\/www.spaipiscines.com\/es\/"},{"@type":"ListItem","position":2,"name":"Tienda","item":"https:\/\/www.spaipiscines.com\/es\/tienda\/"},{"@type":"ListItem","position":3,"name":"Spa Kenya Platinum"}]},{"@type":"WebSite","@id":"https:\/\/www.spaipiscines.com\/es\/#website","url":"https:\/\/www.spaipiscines.com\/es\/","name":"Spa i Piscines","description":"Fabricaci\u00f3 i muntatge de piscines a Girona","potentialAction":[{"@type":"SearchAction","target":{"@type":"EntryPoint","urlTemplate":"https:\/\/www.spaipiscines.com\/es\/?s={search_term_string}"},"query-input":{"@type":"PropertyValueSpecification","valueRequired":true,"valueName":"search_term_string"}}],"inLanguage":"es"}]}},"_links":{"self":[{"href":"https:\/\/www.spaipiscines.com\/es\/wp-json\/wp\/v2\/product\/209846","targetHints":{"allow":["GET"]}}],"collection":[{"href":"https:\/\/www.spaipiscines.com\/es\/wp-json\/wp\/v2\/product"}],"about":[{"href":"https:\/\/www.spaipiscines.com\/es\/wp-json\/wp\/v2\/types\/product"}],"replies":[{"embeddable":true,"href":"https:\/\/www.spaipiscines.com\/es\/wp-json\/wp\/v2\/comments?post=209846"}],"wp:featuredmedia":[{"embeddable":true,"href":"https:\/\/www.spaipiscines.com\/es\/wp-json\/wp\/v2\/media\/209847"}],"wp:attachment":[{"href":"https:\/\/www.spaipiscines.com\/es\/wp-json\/wp\/v2\/media?parent=209846"}],"wp:term":[{"taxonomy":"product_brand","embeddable":true,"href":"https:\/\/www.spaipiscines.com\/es\/wp-json\/wp\/v2\/product_brand?post=209846"},{"taxonomy":"product_cat","embeddable":true,"href":"https:\/\/www.spaipiscines.com\/es\/wp-json\/wp\/v2\/product_cat?post=209846"},{"taxonomy":"product_tag","embeddable":true,"href":"https:\/\/www.spaipiscines.com\/es\/wp-json\/wp\/v2\/product_tag?post=209846"}],"curies":[{"name":"wp","href":"https:\/\/api.w.org\/{rel}","templated":true}]}}