{"id":209843,"date":"2023-09-27T10:03:44","date_gmt":"2023-09-27T10:03:44","guid":{"rendered":"https:\/\/spaipiscines.com\/?post_type=product&#038;p=209843"},"modified":"2023-09-27T10:13:00","modified_gmt":"2023-09-27T10:13:00","slug":"spa-santorini-platinum","status":"publish","type":"product","link":"https:\/\/www.spaipiscines.com\/es\/producte\/spa-santorini-platinum\/","title":{"rendered":"Spa Santorini Platinum"},"content":{"rendered":"<h2 style=\"text-align: center;\">Qualitat, estil i comoditat per a fins a 6 persones<\/h2>\n<p>Dissenyat pensant en una fam\u00edlia, l&#8217;spa Platinum Spas Santorini \u00e9s part de la nostra gamma Premium i inclou un acabat acr\u00edlic Superior Aristech m\u00e9s el sistema d&#8217;aclariment d&#8217;aigua Ozone.<\/p>\n<p>A m\u00e9s, l&#8217;spa Santorini t\u00e9 un sistema de so Bluetooth integrat i tamb\u00e9 \u00e9s compatible amb un control remot basat en una aplicaci\u00f3 Wi-Fi (el m\u00f2dul Wi-Fi Balboa es pot comprar per separat). Aix\u00f2 ho converteix en una excel\u00b7lent opci\u00f3 per divertir-se en fam\u00edlia o entretenir amics.<\/p>\n<p>Places 6<br \/>\nMesura 2100 x 2100 x 940mm<br \/>\nDistribuci\u00f3 5 seients + 1 tumbona<br \/>\nJets 52<br \/>\nIluminaci\u00f3 LED \u2713<br \/>\nM\u00fasica Bluetooth<br \/>\nOz\u00f3 \u2713<br \/>\nAillament \u2713<br \/>\nEs necessiten 32 AMP d&#8217;electricitat<br \/>\nCalentador de 2kw<br \/>\nBombes 2 x 2 HP<br \/>\nBomba de filtraci\u00f3 1 x 0.5 HP<\/p>\n<p>&nbsp;<\/p>\n<p>&nbsp;<\/p>\n<p>Disponible en els seg\u00fcents colors:<\/p>\n<p><img fetchpriority=\"high\" decoding=\"async\" class=\"alignnone wp-image-209818\" src=\"https:\/\/spaipiscines.com\/wp-content\/uploads\/2023\/09\/colors-roma-300x56.jpg\" alt=\"\" width=\"1034\" height=\"193\" srcset=\"https:\/\/www.spaipiscines.com\/wp-content\/uploads\/2023\/09\/colors-roma-300x56.jpg 300w, https:\/\/www.spaipiscines.com\/wp-content\/uploads\/2023\/09\/colors-roma-768x144.jpg 768w, https:\/\/www.spaipiscines.com\/wp-content\/uploads\/2023\/09\/colors-roma-700x131.jpg 700w, https:\/\/www.spaipiscines.com\/wp-content\/uploads\/2023\/09\/colors-roma.jpg 800w\" sizes=\"(max-width: 1034px) 100vw, 1034px\" \/><\/p>\n<p>&nbsp;<\/p>\n","protected":false},"excerpt":{"rendered":"<p>Qualitat, estil i comoditat per a fins a 6 persones Dissenyat pensant en una fam\u00edlia, l&#8217;spa Platinum Spas Santorini \u00e9s part de la nostra gamma Premium i inclou un acabat acr\u00edlic Superior Aristech m\u00e9s el sistema d&#8217;aclariment d&#8217;aigua Ozone. A m\u00e9s, l&#8217;spa Santorini t\u00e9 un sistema de so Bluetooth integrat i tamb\u00e9 \u00e9s compatible amb &#8230; <a title=\"Spa Santorini Platinum\" class=\"read-more\" href=\"https:\/\/www.spaipiscines.com\/es\/producte\/spa-santorini-platinum\/\" aria-label=\"Leer m\u00e1s sobre Spa Santorini Platinum\">Leer m\u00e1s<\/a><\/p>\n","protected":false},"featured_media":209844,"comment_status":"open","ping_status":"closed","template":"","meta":[],"product_brand":[],"product_cat":[24,55],"product_tag":[],"class_list":{"0":"post-209843","1":"product","2":"type-product","3":"status-publish","4":"has-post-thumbnail","6":"product_cat-spas","7":"product_cat-spas-platinum","9":"first","10":"instock","11":"shipping-taxable","12":"product-type-simple"},"yoast_head":"<!-- This site is optimized with the Yoast SEO plugin v27.2 - https:\/\/yoast.com\/product\/yoast-seo-wordpress\/ -->\n<title>Spa Santorini Platinum - Spa i Piscines<\/title>\n<meta name=\"robots\" content=\"index, follow, max-snippet:-1, max-image-preview:large, max-video-preview:-1\" \/>\n<link rel=\"canonical\" href=\"https:\/\/www.spaipiscines.com\/es\/producte\/spa-santorini-platinum\/\" \/>\n<meta property=\"og:locale\" content=\"es_ES\" \/>\n<meta property=\"og:type\" content=\"article\" \/>\n<meta property=\"og:title\" content=\"Spa Santorini Platinum - Spa i Piscines\" \/>\n<meta property=\"og:description\" content=\"Qualitat, estil i comoditat per a fins a 6 persones Dissenyat pensant en una fam\u00edlia, l&#8217;spa Platinum Spas Santorini \u00e9s part de la nostra gamma Premium i inclou un acabat acr\u00edlic Superior Aristech m\u00e9s el sistema d&#8217;aclariment d&#8217;aigua Ozone. A m\u00e9s, l&#8217;spa Santorini t\u00e9 un sistema de so Bluetooth integrat i tamb\u00e9 \u00e9s compatible amb ... Leer m\u00e1s\" \/>\n<meta property=\"og:url\" content=\"https:\/\/www.spaipiscines.com\/es\/producte\/spa-santorini-platinum\/\" \/>\n<meta property=\"og:site_name\" content=\"Spa i Piscines\" \/>\n<meta property=\"article:modified_time\" content=\"2023-09-27T10:13:00+00:00\" \/>\n<meta property=\"og:image\" content=\"https:\/\/www.spaipiscines.com\/wp-content\/uploads\/2023\/09\/Santorini.jpg\" \/>\n\t<meta property=\"og:image:width\" content=\"800\" \/>\n\t<meta property=\"og:image:height\" content=\"614\" \/>\n\t<meta property=\"og:image:type\" content=\"image\/jpeg\" \/>\n<meta name=\"twitter:card\" content=\"summary_large_image\" \/>\n<meta name=\"twitter:label1\" content=\"Tiempo de lectura\" \/>\n\t<meta name=\"twitter:data1\" content=\"1 minuto\" \/>\n<script type=\"application\/ld+json\" class=\"yoast-schema-graph\">{\"@context\":\"https:\/\/schema.org\",\"@graph\":[{\"@type\":\"WebPage\",\"@id\":\"https:\/\/www.spaipiscines.com\/es\/producte\/spa-santorini-platinum\/\",\"url\":\"https:\/\/www.spaipiscines.com\/es\/producte\/spa-santorini-platinum\/\",\"name\":\"Spa Santorini Platinum - Spa i Piscines\",\"isPartOf\":{\"@id\":\"https:\/\/www.spaipiscines.com\/es\/#website\"},\"primaryImageOfPage\":{\"@id\":\"https:\/\/www.spaipiscines.com\/es\/producte\/spa-santorini-platinum\/#primaryimage\"},\"image\":{\"@id\":\"https:\/\/www.spaipiscines.com\/es\/producte\/spa-santorini-platinum\/#primaryimage\"},\"thumbnailUrl\":\"https:\/\/www.spaipiscines.com\/wp-content\/uploads\/2023\/09\/Santorini.jpg\",\"datePublished\":\"2023-09-27T10:03:44+00:00\",\"dateModified\":\"2023-09-27T10:13:00+00:00\",\"breadcrumb\":{\"@id\":\"https:\/\/www.spaipiscines.com\/es\/producte\/spa-santorini-platinum\/#breadcrumb\"},\"inLanguage\":\"es\",\"potentialAction\":[{\"@type\":\"ReadAction\",\"target\":[\"https:\/\/www.spaipiscines.com\/es\/producte\/spa-santorini-platinum\/\"]}]},{\"@type\":\"ImageObject\",\"inLanguage\":\"es\",\"@id\":\"https:\/\/www.spaipiscines.com\/es\/producte\/spa-santorini-platinum\/#primaryimage\",\"url\":\"https:\/\/www.spaipiscines.com\/wp-content\/uploads\/2023\/09\/Santorini.jpg\",\"contentUrl\":\"https:\/\/www.spaipiscines.com\/wp-content\/uploads\/2023\/09\/Santorini.jpg\",\"width\":800,\"height\":614},{\"@type\":\"BreadcrumbList\",\"@id\":\"https:\/\/www.spaipiscines.com\/es\/producte\/spa-santorini-platinum\/#breadcrumb\",\"itemListElement\":[{\"@type\":\"ListItem\",\"position\":1,\"name\":\"Inici\",\"item\":\"https:\/\/www.spaipiscines.com\/es\/\"},{\"@type\":\"ListItem\",\"position\":2,\"name\":\"Tienda\",\"item\":\"https:\/\/www.spaipiscines.com\/es\/tienda\/\"},{\"@type\":\"ListItem\",\"position\":3,\"name\":\"Spa Santorini Platinum\"}]},{\"@type\":\"WebSite\",\"@id\":\"https:\/\/www.spaipiscines.com\/es\/#website\",\"url\":\"https:\/\/www.spaipiscines.com\/es\/\",\"name\":\"Spa i Piscines\",\"description\":\"Fabricaci\u00f3 i muntatge de piscines a Girona\",\"potentialAction\":[{\"@type\":\"SearchAction\",\"target\":{\"@type\":\"EntryPoint\",\"urlTemplate\":\"https:\/\/www.spaipiscines.com\/es\/?s={search_term_string}\"},\"query-input\":{\"@type\":\"PropertyValueSpecification\",\"valueRequired\":true,\"valueName\":\"search_term_string\"}}],\"inLanguage\":\"es\"}]}<\/script>\n<!-- \/ Yoast SEO plugin. -->","yoast_head_json":{"title":"Spa Santorini Platinum - Spa i Piscines","robots":{"index":"index","follow":"follow","max-snippet":"max-snippet:-1","max-image-preview":"max-image-preview:large","max-video-preview":"max-video-preview:-1"},"canonical":"https:\/\/www.spaipiscines.com\/es\/producte\/spa-santorini-platinum\/","og_locale":"es_ES","og_type":"article","og_title":"Spa Santorini Platinum - Spa i Piscines","og_description":"Qualitat, estil i comoditat per a fins a 6 persones Dissenyat pensant en una fam\u00edlia, l&#8217;spa Platinum Spas Santorini \u00e9s part de la nostra gamma Premium i inclou un acabat acr\u00edlic Superior Aristech m\u00e9s el sistema d&#8217;aclariment d&#8217;aigua Ozone. A m\u00e9s, l&#8217;spa Santorini t\u00e9 un sistema de so Bluetooth integrat i tamb\u00e9 \u00e9s compatible amb ... Leer m\u00e1s","og_url":"https:\/\/www.spaipiscines.com\/es\/producte\/spa-santorini-platinum\/","og_site_name":"Spa i Piscines","article_modified_time":"2023-09-27T10:13:00+00:00","og_image":[{"width":800,"height":614,"url":"https:\/\/www.spaipiscines.com\/wp-content\/uploads\/2023\/09\/Santorini.jpg","type":"image\/jpeg"}],"twitter_card":"summary_large_image","twitter_misc":{"Tiempo de lectura":"1 minuto"},"schema":{"@context":"https:\/\/schema.org","@graph":[{"@type":"WebPage","@id":"https:\/\/www.spaipiscines.com\/es\/producte\/spa-santorini-platinum\/","url":"https:\/\/www.spaipiscines.com\/es\/producte\/spa-santorini-platinum\/","name":"Spa Santorini Platinum - Spa i Piscines","isPartOf":{"@id":"https:\/\/www.spaipiscines.com\/es\/#website"},"primaryImageOfPage":{"@id":"https:\/\/www.spaipiscines.com\/es\/producte\/spa-santorini-platinum\/#primaryimage"},"image":{"@id":"https:\/\/www.spaipiscines.com\/es\/producte\/spa-santorini-platinum\/#primaryimage"},"thumbnailUrl":"https:\/\/www.spaipiscines.com\/wp-content\/uploads\/2023\/09\/Santorini.jpg","datePublished":"2023-09-27T10:03:44+00:00","dateModified":"2023-09-27T10:13:00+00:00","breadcrumb":{"@id":"https:\/\/www.spaipiscines.com\/es\/producte\/spa-santorini-platinum\/#breadcrumb"},"inLanguage":"es","potentialAction":[{"@type":"ReadAction","target":["https:\/\/www.spaipiscines.com\/es\/producte\/spa-santorini-platinum\/"]}]},{"@type":"ImageObject","inLanguage":"es","@id":"https:\/\/www.spaipiscines.com\/es\/producte\/spa-santorini-platinum\/#primaryimage","url":"https:\/\/www.spaipiscines.com\/wp-content\/uploads\/2023\/09\/Santorini.jpg","contentUrl":"https:\/\/www.spaipiscines.com\/wp-content\/uploads\/2023\/09\/Santorini.jpg","width":800,"height":614},{"@type":"BreadcrumbList","@id":"https:\/\/www.spaipiscines.com\/es\/producte\/spa-santorini-platinum\/#breadcrumb","itemListElement":[{"@type":"ListItem","position":1,"name":"Inici","item":"https:\/\/www.spaipiscines.com\/es\/"},{"@type":"ListItem","position":2,"name":"Tienda","item":"https:\/\/www.spaipiscines.com\/es\/tienda\/"},{"@type":"ListItem","position":3,"name":"Spa Santorini Platinum"}]},{"@type":"WebSite","@id":"https:\/\/www.spaipiscines.com\/es\/#website","url":"https:\/\/www.spaipiscines.com\/es\/","name":"Spa i Piscines","description":"Fabricaci\u00f3 i muntatge de piscines a Girona","potentialAction":[{"@type":"SearchAction","target":{"@type":"EntryPoint","urlTemplate":"https:\/\/www.spaipiscines.com\/es\/?s={search_term_string}"},"query-input":{"@type":"PropertyValueSpecification","valueRequired":true,"valueName":"search_term_string"}}],"inLanguage":"es"}]}},"_links":{"self":[{"href":"https:\/\/www.spaipiscines.com\/es\/wp-json\/wp\/v2\/product\/209843","targetHints":{"allow":["GET"]}}],"collection":[{"href":"https:\/\/www.spaipiscines.com\/es\/wp-json\/wp\/v2\/product"}],"about":[{"href":"https:\/\/www.spaipiscines.com\/es\/wp-json\/wp\/v2\/types\/product"}],"replies":[{"embeddable":true,"href":"https:\/\/www.spaipiscines.com\/es\/wp-json\/wp\/v2\/comments?post=209843"}],"wp:featuredmedia":[{"embeddable":true,"href":"https:\/\/www.spaipiscines.com\/es\/wp-json\/wp\/v2\/media\/209844"}],"wp:attachment":[{"href":"https:\/\/www.spaipiscines.com\/es\/wp-json\/wp\/v2\/media?parent=209843"}],"wp:term":[{"taxonomy":"product_brand","embeddable":true,"href":"https:\/\/www.spaipiscines.com\/es\/wp-json\/wp\/v2\/product_brand?post=209843"},{"taxonomy":"product_cat","embeddable":true,"href":"https:\/\/www.spaipiscines.com\/es\/wp-json\/wp\/v2\/product_cat?post=209843"},{"taxonomy":"product_tag","embeddable":true,"href":"https:\/\/www.spaipiscines.com\/es\/wp-json\/wp\/v2\/product_tag?post=209843"}],"curies":[{"name":"wp","href":"https:\/\/api.w.org\/{rel}","templated":true}]}}