{"id":209823,"date":"2023-09-27T09:35:35","date_gmt":"2023-09-27T09:35:35","guid":{"rendered":"https:\/\/spaipiscines.com\/?post_type=product&#038;p=209823"},"modified":"2023-09-27T09:47:26","modified_gmt":"2023-09-27T09:47:26","slug":"spa-tahiti-platinum","status":"publish","type":"product","link":"https:\/\/www.spaipiscines.com\/es\/producte\/spa-tahiti-platinum\/","title":{"rendered":"Spa Tahiti Platinum"},"content":{"rendered":"<h2 style=\"text-align: center;\">Dissenyat per a la comoditat i perfecte per a quatre<\/h2>\n<p>El nou Tahiti \u00e9s el nostre spa m\u00e9s petit de la gamma de luxe i est\u00e0 perfectament dissenyat per a quatre persones. A difer\u00e8ncia de la resta de la gamma de luxe, el Tahit\u00ed funciona amb un motor el\u00e8ctric de 13 AMP. Alabama subministrar. Altres caracter\u00edstiques inclouen un 35 raig disposici\u00f3, jocs daigua i llums LED.<\/p>\n<p>L&#8217;spa Tahiti t\u00e9 un sistema de so Bluetooth integrat i tamb\u00e9 \u00e9s compatible amb un control remot basat en una aplicaci\u00f3 Wi-Fi (el m\u00f2dul Wi-Fi Balboa es pot comprar per separat), cosa que el converteix en una excel\u00b7lent opci\u00f3 per divertir-se a fam\u00edlia o entretenir amics.<\/p>\n<p>&nbsp;<\/p>\n<p>Places 3<br \/>\nMesura 2130 x 1640 x 780mm<br \/>\nDistribuci\u00f3 3 seients + 1 Tumbona<br \/>\nJets 19<br \/>\nIluminaci\u00f3 LED \u2713<br \/>\nM\u00fasica Bluetooth<br \/>\nOz\u00f3 \u2713<br \/>\nAillament \u2713<br \/>\nEs necessiten 32 AMP d&#8217;electricitat<br \/>\nCalentador de 3kw<br \/>\nBombes 1 x 2 HP<\/p>\n<p>&nbsp;<\/p>\n<p>Disponible en els seg\u00fcents colors:<\/p>\n<p><img decoding=\"async\" class=\"alignnone  wp-image-209830\" src=\"https:\/\/spaipiscines.com\/wp-content\/uploads\/2023\/09\/colors-tahiti-300x45.jpg\" alt=\"colors spa tahiti platinum spas\" width=\"100%\" height=\"136\" srcset=\"https:\/\/www.spaipiscines.com\/wp-content\/uploads\/2023\/09\/colors-tahiti-300x45.jpg 300w, https:\/\/www.spaipiscines.com\/wp-content\/uploads\/2023\/09\/colors-tahiti-768x115.jpg 768w, https:\/\/www.spaipiscines.com\/wp-content\/uploads\/2023\/09\/colors-tahiti-700x105.jpg 700w, https:\/\/www.spaipiscines.com\/wp-content\/uploads\/2023\/09\/colors-tahiti.jpg 800w\" sizes=\"(max-width: 300px) 100vw, 300px\" \/><\/p>\n<p>&nbsp;<\/p>\n<p>Els jets i els desviadors s&#8217;han millorat per promoure un massatge d&#8217;hidroter\u00e0pia millor.<\/p>\n<p>35 jets en total<br \/>\njets giratori de 1 x 5 polzades<br \/>\njets giratoris de 11 x 4 polzades<br \/>\njets direccionals de 23 x 2,2 polzades<br \/>\njets giratoris<br \/>\nEl raig giratori proporciona un intens massatge als punts de pressi\u00f3. Aquests s\u00f3n particularment efectius per alleujar la tensi\u00f3 a l&#8217;esquena.<\/p>\n<p>jets direccionals<br \/>\nAquest estil de raig direccional proporciona un massatge de punts de pressi\u00f3 menys intens. Aix\u00f2 \u00e9s m\u00e9s efectiu per calmar els m\u00fasculs adolorits<\/p>\n","protected":false},"excerpt":{"rendered":"<p>Dissenyat per a la comoditat i perfecte per a quatre El nou Tahiti \u00e9s el nostre spa m\u00e9s petit de la gamma de luxe i est\u00e0 perfectament dissenyat per a quatre persones. A difer\u00e8ncia de la resta de la gamma de luxe, el Tahit\u00ed funciona amb un motor el\u00e8ctric de 13 AMP. Alabama subministrar. Altres &#8230; <a title=\"Spa Tahiti Platinum\" class=\"read-more\" href=\"https:\/\/www.spaipiscines.com\/es\/producte\/spa-tahiti-platinum\/\" aria-label=\"Leer m\u00e1s sobre Spa Tahiti Platinum\">Leer m\u00e1s<\/a><\/p>\n","protected":false},"featured_media":209831,"comment_status":"open","ping_status":"closed","template":"","meta":[],"product_brand":[],"product_cat":[24,55],"product_tag":[],"class_list":{"0":"post-209823","1":"product","2":"type-product","3":"status-publish","4":"has-post-thumbnail","6":"product_cat-spas","7":"product_cat-spas-platinum","9":"first","10":"instock","11":"shipping-taxable","12":"product-type-simple"},"yoast_head":"<!-- This site is optimized with the Yoast SEO plugin v27.2 - https:\/\/yoast.com\/product\/yoast-seo-wordpress\/ -->\n<title>Spa Tahiti Platinum - Spa i Piscines<\/title>\n<meta name=\"robots\" content=\"index, follow, max-snippet:-1, max-image-preview:large, max-video-preview:-1\" \/>\n<link rel=\"canonical\" href=\"https:\/\/www.spaipiscines.com\/es\/producte\/spa-tahiti-platinum\/\" \/>\n<meta property=\"og:locale\" content=\"es_ES\" \/>\n<meta property=\"og:type\" content=\"article\" \/>\n<meta property=\"og:title\" content=\"Spa Tahiti Platinum - Spa i Piscines\" \/>\n<meta property=\"og:description\" content=\"Dissenyat per a la comoditat i perfecte per a quatre El nou Tahiti \u00e9s el nostre spa m\u00e9s petit de la gamma de luxe i est\u00e0 perfectament dissenyat per a quatre persones. A difer\u00e8ncia de la resta de la gamma de luxe, el Tahit\u00ed funciona amb un motor el\u00e8ctric de 13 AMP. Alabama subministrar. Altres ... Leer m\u00e1s\" \/>\n<meta property=\"og:url\" content=\"https:\/\/www.spaipiscines.com\/es\/producte\/spa-tahiti-platinum\/\" \/>\n<meta property=\"og:site_name\" content=\"Spa i Piscines\" \/>\n<meta property=\"article:modified_time\" content=\"2023-09-27T09:47:26+00:00\" \/>\n<meta property=\"og:image\" content=\"https:\/\/www.spaipiscines.com\/wp-content\/uploads\/2023\/09\/spa-tahiti.jpg\" \/>\n\t<meta property=\"og:image:width\" content=\"800\" \/>\n\t<meta property=\"og:image:height\" content=\"614\" \/>\n\t<meta property=\"og:image:type\" content=\"image\/jpeg\" \/>\n<meta name=\"twitter:card\" content=\"summary_large_image\" \/>\n<meta name=\"twitter:label1\" content=\"Tiempo de lectura\" \/>\n\t<meta name=\"twitter:data1\" content=\"2 minutos\" \/>\n<script type=\"application\/ld+json\" class=\"yoast-schema-graph\">{\"@context\":\"https:\/\/schema.org\",\"@graph\":[{\"@type\":\"WebPage\",\"@id\":\"https:\/\/www.spaipiscines.com\/es\/producte\/spa-tahiti-platinum\/\",\"url\":\"https:\/\/www.spaipiscines.com\/es\/producte\/spa-tahiti-platinum\/\",\"name\":\"Spa Tahiti Platinum - Spa i Piscines\",\"isPartOf\":{\"@id\":\"https:\/\/www.spaipiscines.com\/es\/#website\"},\"primaryImageOfPage\":{\"@id\":\"https:\/\/www.spaipiscines.com\/es\/producte\/spa-tahiti-platinum\/#primaryimage\"},\"image\":{\"@id\":\"https:\/\/www.spaipiscines.com\/es\/producte\/spa-tahiti-platinum\/#primaryimage\"},\"thumbnailUrl\":\"https:\/\/www.spaipiscines.com\/wp-content\/uploads\/2023\/09\/spa-tahiti.jpg\",\"datePublished\":\"2023-09-27T09:35:35+00:00\",\"dateModified\":\"2023-09-27T09:47:26+00:00\",\"breadcrumb\":{\"@id\":\"https:\/\/www.spaipiscines.com\/es\/producte\/spa-tahiti-platinum\/#breadcrumb\"},\"inLanguage\":\"es\",\"potentialAction\":[{\"@type\":\"ReadAction\",\"target\":[\"https:\/\/www.spaipiscines.com\/es\/producte\/spa-tahiti-platinum\/\"]}]},{\"@type\":\"ImageObject\",\"inLanguage\":\"es\",\"@id\":\"https:\/\/www.spaipiscines.com\/es\/producte\/spa-tahiti-platinum\/#primaryimage\",\"url\":\"https:\/\/www.spaipiscines.com\/wp-content\/uploads\/2023\/09\/spa-tahiti.jpg\",\"contentUrl\":\"https:\/\/www.spaipiscines.com\/wp-content\/uploads\/2023\/09\/spa-tahiti.jpg\",\"width\":800,\"height\":614},{\"@type\":\"BreadcrumbList\",\"@id\":\"https:\/\/www.spaipiscines.com\/es\/producte\/spa-tahiti-platinum\/#breadcrumb\",\"itemListElement\":[{\"@type\":\"ListItem\",\"position\":1,\"name\":\"Inici\",\"item\":\"https:\/\/www.spaipiscines.com\/es\/\"},{\"@type\":\"ListItem\",\"position\":2,\"name\":\"Tienda\",\"item\":\"https:\/\/www.spaipiscines.com\/es\/tienda\/\"},{\"@type\":\"ListItem\",\"position\":3,\"name\":\"Spa Tahiti Platinum\"}]},{\"@type\":\"WebSite\",\"@id\":\"https:\/\/www.spaipiscines.com\/es\/#website\",\"url\":\"https:\/\/www.spaipiscines.com\/es\/\",\"name\":\"Spa i Piscines\",\"description\":\"Fabricaci\u00f3 i muntatge de piscines a Girona\",\"potentialAction\":[{\"@type\":\"SearchAction\",\"target\":{\"@type\":\"EntryPoint\",\"urlTemplate\":\"https:\/\/www.spaipiscines.com\/es\/?s={search_term_string}\"},\"query-input\":{\"@type\":\"PropertyValueSpecification\",\"valueRequired\":true,\"valueName\":\"search_term_string\"}}],\"inLanguage\":\"es\"}]}<\/script>\n<!-- \/ Yoast SEO plugin. -->","yoast_head_json":{"title":"Spa Tahiti Platinum - Spa i Piscines","robots":{"index":"index","follow":"follow","max-snippet":"max-snippet:-1","max-image-preview":"max-image-preview:large","max-video-preview":"max-video-preview:-1"},"canonical":"https:\/\/www.spaipiscines.com\/es\/producte\/spa-tahiti-platinum\/","og_locale":"es_ES","og_type":"article","og_title":"Spa Tahiti Platinum - Spa i Piscines","og_description":"Dissenyat per a la comoditat i perfecte per a quatre El nou Tahiti \u00e9s el nostre spa m\u00e9s petit de la gamma de luxe i est\u00e0 perfectament dissenyat per a quatre persones. A difer\u00e8ncia de la resta de la gamma de luxe, el Tahit\u00ed funciona amb un motor el\u00e8ctric de 13 AMP. Alabama subministrar. Altres ... Leer m\u00e1s","og_url":"https:\/\/www.spaipiscines.com\/es\/producte\/spa-tahiti-platinum\/","og_site_name":"Spa i Piscines","article_modified_time":"2023-09-27T09:47:26+00:00","og_image":[{"width":800,"height":614,"url":"https:\/\/www.spaipiscines.com\/wp-content\/uploads\/2023\/09\/spa-tahiti.jpg","type":"image\/jpeg"}],"twitter_card":"summary_large_image","twitter_misc":{"Tiempo de lectura":"2 minutos"},"schema":{"@context":"https:\/\/schema.org","@graph":[{"@type":"WebPage","@id":"https:\/\/www.spaipiscines.com\/es\/producte\/spa-tahiti-platinum\/","url":"https:\/\/www.spaipiscines.com\/es\/producte\/spa-tahiti-platinum\/","name":"Spa Tahiti Platinum - Spa i Piscines","isPartOf":{"@id":"https:\/\/www.spaipiscines.com\/es\/#website"},"primaryImageOfPage":{"@id":"https:\/\/www.spaipiscines.com\/es\/producte\/spa-tahiti-platinum\/#primaryimage"},"image":{"@id":"https:\/\/www.spaipiscines.com\/es\/producte\/spa-tahiti-platinum\/#primaryimage"},"thumbnailUrl":"https:\/\/www.spaipiscines.com\/wp-content\/uploads\/2023\/09\/spa-tahiti.jpg","datePublished":"2023-09-27T09:35:35+00:00","dateModified":"2023-09-27T09:47:26+00:00","breadcrumb":{"@id":"https:\/\/www.spaipiscines.com\/es\/producte\/spa-tahiti-platinum\/#breadcrumb"},"inLanguage":"es","potentialAction":[{"@type":"ReadAction","target":["https:\/\/www.spaipiscines.com\/es\/producte\/spa-tahiti-platinum\/"]}]},{"@type":"ImageObject","inLanguage":"es","@id":"https:\/\/www.spaipiscines.com\/es\/producte\/spa-tahiti-platinum\/#primaryimage","url":"https:\/\/www.spaipiscines.com\/wp-content\/uploads\/2023\/09\/spa-tahiti.jpg","contentUrl":"https:\/\/www.spaipiscines.com\/wp-content\/uploads\/2023\/09\/spa-tahiti.jpg","width":800,"height":614},{"@type":"BreadcrumbList","@id":"https:\/\/www.spaipiscines.com\/es\/producte\/spa-tahiti-platinum\/#breadcrumb","itemListElement":[{"@type":"ListItem","position":1,"name":"Inici","item":"https:\/\/www.spaipiscines.com\/es\/"},{"@type":"ListItem","position":2,"name":"Tienda","item":"https:\/\/www.spaipiscines.com\/es\/tienda\/"},{"@type":"ListItem","position":3,"name":"Spa Tahiti Platinum"}]},{"@type":"WebSite","@id":"https:\/\/www.spaipiscines.com\/es\/#website","url":"https:\/\/www.spaipiscines.com\/es\/","name":"Spa i Piscines","description":"Fabricaci\u00f3 i muntatge de piscines a Girona","potentialAction":[{"@type":"SearchAction","target":{"@type":"EntryPoint","urlTemplate":"https:\/\/www.spaipiscines.com\/es\/?s={search_term_string}"},"query-input":{"@type":"PropertyValueSpecification","valueRequired":true,"valueName":"search_term_string"}}],"inLanguage":"es"}]}},"_links":{"self":[{"href":"https:\/\/www.spaipiscines.com\/es\/wp-json\/wp\/v2\/product\/209823","targetHints":{"allow":["GET"]}}],"collection":[{"href":"https:\/\/www.spaipiscines.com\/es\/wp-json\/wp\/v2\/product"}],"about":[{"href":"https:\/\/www.spaipiscines.com\/es\/wp-json\/wp\/v2\/types\/product"}],"replies":[{"embeddable":true,"href":"https:\/\/www.spaipiscines.com\/es\/wp-json\/wp\/v2\/comments?post=209823"}],"wp:featuredmedia":[{"embeddable":true,"href":"https:\/\/www.spaipiscines.com\/es\/wp-json\/wp\/v2\/media\/209831"}],"wp:attachment":[{"href":"https:\/\/www.spaipiscines.com\/es\/wp-json\/wp\/v2\/media?parent=209823"}],"wp:term":[{"taxonomy":"product_brand","embeddable":true,"href":"https:\/\/www.spaipiscines.com\/es\/wp-json\/wp\/v2\/product_brand?post=209823"},{"taxonomy":"product_cat","embeddable":true,"href":"https:\/\/www.spaipiscines.com\/es\/wp-json\/wp\/v2\/product_cat?post=209823"},{"taxonomy":"product_tag","embeddable":true,"href":"https:\/\/www.spaipiscines.com\/es\/wp-json\/wp\/v2\/product_tag?post=209823"}],"curies":[{"name":"wp","href":"https:\/\/api.w.org\/{rel}","templated":true}]}}