{"id":209802,"date":"2023-09-27T08:04:12","date_gmt":"2023-09-27T08:04:12","guid":{"rendered":"https:\/\/spaipiscines.com\/?post_type=product&#038;p=209802"},"modified":"2023-09-27T08:20:26","modified_gmt":"2023-09-27T08:20:26","slug":"spa-palma-platinum","status":"publish","type":"product","link":"https:\/\/www.spaipiscines.com\/es\/producte\/spa-palma-platinum\/","title":{"rendered":"Spa Palma Platinum"},"content":{"rendered":"<h2 style=\"text-align: center;\">Dissenyat per a 6, el Palma \u00e9s un spa potent i de gran valor.<\/h2>\n<p>El Spa \u00e9s al nou Platinum Spas Deluxe Range i inclou Superior Aristech Acrylic i \u00e9s l&#8217;spa ideal per a la diversi\u00f3 familiar o grupal. Ara inclou el premiat a\u00efllament d&#8217;efici\u00e8ncia energ\u00e8tica Escut premium de plat\u00ed Proporcionar una difer\u00e8ncia considerable a la calor retinguda a l&#8217;spa, aix\u00ed com una reducci\u00f3 en els costos d&#8217;energia.<\/p>\n<p>Places 6<br \/>\nMesura 2000 x 2000 x 900mm<br \/>\nDistribuci\u00f3 5 seients + 1 tumbona<br \/>\nJets 86 + Volcano Jet<br \/>\nIluminaci\u00f3 LED \u2713<br \/>\nM\u00fasica Bluetooth<br \/>\nOz\u00f3 \u2713<br \/>\nAillament \u2713<br \/>\nEs necessiten 32 AMP d&#8217;electricitat<br \/>\nCalentador de 3kw<br \/>\nBombes 2 x 3 HP<br \/>\nBomba de filtraci\u00f3 1 x 0.5 HP<\/p>\n<p>&nbsp;<\/p>\n<p>Les caracter\u00edstiques destacades inclouen 47 jets, llums LED i el nou sistema Bluetooth Platinum Melody. Finalment, les bombes de 2&#215;2 HP asseguren que la pressi\u00f3 del raig sigui potent i proporciona una experi\u00e8ncia d&#8217;hidroter\u00e0pia excepcional.<\/p>\n<p>Disponible en els seguents colors<\/p>\n<p><img fetchpriority=\"high\" decoding=\"async\" class=\"alignnone wp-image-209798\" src=\"https:\/\/spaipiscines.com\/wp-content\/uploads\/2023\/09\/colors-happy-300x40.jpg\" alt=\"\" width=\"623\" height=\"83\" srcset=\"https:\/\/www.spaipiscines.com\/wp-content\/uploads\/2023\/09\/colors-happy-300x40.jpg 300w, https:\/\/www.spaipiscines.com\/wp-content\/uploads\/2023\/09\/colors-happy.jpg 600w\" sizes=\"(max-width: 623px) 100vw, 623px\" \/><\/p>\n<p>El nova gamma Deluxe jets i Grans jets han estat millorats promovent un millor massatge d hidroter\u00e0pia.<\/p>\n<p>83 jets en total<br \/>\njets de 7 x 5 polzades<br \/>\njets de 14 x 4 polzades<br \/>\njets de 62 x 2,2 polzades<br \/>\njets giratoris<\/p>\n<p>El jet giratori proporciona un intens massatge als punts de pressi\u00f3. Aquests s\u00f3n particularment efectius per alleujar la tensi\u00f3 a l&#8217;esquena.<\/p>\n<p>jets direccionals<\/p>\n<p>Aquest estil de jet direccional proporciona un massatge de punts de pressi\u00f3 menys intens. Aix\u00f2 \u00e9s m\u00e9s efectiu per calmar els m\u00fasculs adolorits.<\/p>\n","protected":false},"excerpt":{"rendered":"<p>Dissenyat per a 6, el Palma \u00e9s un spa potent i de gran valor. El Spa \u00e9s al nou Platinum Spas Deluxe Range i inclou Superior Aristech Acrylic i \u00e9s l&#8217;spa ideal per a la diversi\u00f3 familiar o grupal. Ara inclou el premiat a\u00efllament d&#8217;efici\u00e8ncia energ\u00e8tica Escut premium de plat\u00ed Proporcionar una difer\u00e8ncia considerable a &#8230; <a title=\"Spa Palma Platinum\" class=\"read-more\" href=\"https:\/\/www.spaipiscines.com\/es\/producte\/spa-palma-platinum\/\" aria-label=\"Leer m\u00e1s sobre Spa Palma Platinum\">Leer m\u00e1s<\/a><\/p>\n","protected":false},"featured_media":209803,"comment_status":"open","ping_status":"closed","template":"","meta":[],"product_brand":[],"product_cat":[24,55],"product_tag":[],"class_list":{"0":"post-209802","1":"product","2":"type-product","3":"status-publish","4":"has-post-thumbnail","6":"product_cat-spas","7":"product_cat-spas-platinum","9":"first","10":"instock","11":"shipping-taxable","12":"product-type-simple"},"yoast_head":"<!-- This site is optimized with the Yoast SEO plugin v27.2 - https:\/\/yoast.com\/product\/yoast-seo-wordpress\/ -->\n<title>Spa Palma Platinum - Spa i Piscines<\/title>\n<meta name=\"robots\" content=\"index, follow, max-snippet:-1, max-image-preview:large, max-video-preview:-1\" \/>\n<link rel=\"canonical\" href=\"https:\/\/www.spaipiscines.com\/es\/producte\/spa-palma-platinum\/\" \/>\n<meta property=\"og:locale\" content=\"es_ES\" \/>\n<meta property=\"og:type\" content=\"article\" \/>\n<meta property=\"og:title\" content=\"Spa Palma Platinum - Spa i Piscines\" \/>\n<meta property=\"og:description\" content=\"Dissenyat per a 6, el Palma \u00e9s un spa potent i de gran valor. El Spa \u00e9s al nou Platinum Spas Deluxe Range i inclou Superior Aristech Acrylic i \u00e9s l&#8217;spa ideal per a la diversi\u00f3 familiar o grupal. Ara inclou el premiat a\u00efllament d&#8217;efici\u00e8ncia energ\u00e8tica Escut premium de plat\u00ed Proporcionar una difer\u00e8ncia considerable a ... Leer m\u00e1s\" \/>\n<meta property=\"og:url\" content=\"https:\/\/www.spaipiscines.com\/es\/producte\/spa-palma-platinum\/\" \/>\n<meta property=\"og:site_name\" content=\"Spa i Piscines\" \/>\n<meta property=\"article:modified_time\" content=\"2023-09-27T08:20:26+00:00\" \/>\n<meta property=\"og:image\" content=\"https:\/\/www.spaipiscines.com\/wp-content\/uploads\/2023\/09\/0004_Capa-1.jpg\" \/>\n\t<meta property=\"og:image:width\" content=\"800\" \/>\n\t<meta property=\"og:image:height\" content=\"614\" \/>\n\t<meta property=\"og:image:type\" content=\"image\/jpeg\" \/>\n<meta name=\"twitter:card\" content=\"summary_large_image\" \/>\n<meta name=\"twitter:label1\" content=\"Tiempo de lectura\" \/>\n\t<meta name=\"twitter:data1\" content=\"2 minutos\" \/>\n<script type=\"application\/ld+json\" class=\"yoast-schema-graph\">{\"@context\":\"https:\/\/schema.org\",\"@graph\":[{\"@type\":\"WebPage\",\"@id\":\"https:\/\/www.spaipiscines.com\/es\/producte\/spa-palma-platinum\/\",\"url\":\"https:\/\/www.spaipiscines.com\/es\/producte\/spa-palma-platinum\/\",\"name\":\"Spa Palma Platinum - Spa i Piscines\",\"isPartOf\":{\"@id\":\"https:\/\/www.spaipiscines.com\/es\/#website\"},\"primaryImageOfPage\":{\"@id\":\"https:\/\/www.spaipiscines.com\/es\/producte\/spa-palma-platinum\/#primaryimage\"},\"image\":{\"@id\":\"https:\/\/www.spaipiscines.com\/es\/producte\/spa-palma-platinum\/#primaryimage\"},\"thumbnailUrl\":\"https:\/\/www.spaipiscines.com\/wp-content\/uploads\/2023\/09\/0004_Capa-1.jpg\",\"datePublished\":\"2023-09-27T08:04:12+00:00\",\"dateModified\":\"2023-09-27T08:20:26+00:00\",\"breadcrumb\":{\"@id\":\"https:\/\/www.spaipiscines.com\/es\/producte\/spa-palma-platinum\/#breadcrumb\"},\"inLanguage\":\"es\",\"potentialAction\":[{\"@type\":\"ReadAction\",\"target\":[\"https:\/\/www.spaipiscines.com\/es\/producte\/spa-palma-platinum\/\"]}]},{\"@type\":\"ImageObject\",\"inLanguage\":\"es\",\"@id\":\"https:\/\/www.spaipiscines.com\/es\/producte\/spa-palma-platinum\/#primaryimage\",\"url\":\"https:\/\/www.spaipiscines.com\/wp-content\/uploads\/2023\/09\/0004_Capa-1.jpg\",\"contentUrl\":\"https:\/\/www.spaipiscines.com\/wp-content\/uploads\/2023\/09\/0004_Capa-1.jpg\",\"width\":800,\"height\":614},{\"@type\":\"BreadcrumbList\",\"@id\":\"https:\/\/www.spaipiscines.com\/es\/producte\/spa-palma-platinum\/#breadcrumb\",\"itemListElement\":[{\"@type\":\"ListItem\",\"position\":1,\"name\":\"Inici\",\"item\":\"https:\/\/www.spaipiscines.com\/es\/\"},{\"@type\":\"ListItem\",\"position\":2,\"name\":\"Tienda\",\"item\":\"https:\/\/www.spaipiscines.com\/es\/tienda\/\"},{\"@type\":\"ListItem\",\"position\":3,\"name\":\"Spa Palma Platinum\"}]},{\"@type\":\"WebSite\",\"@id\":\"https:\/\/www.spaipiscines.com\/es\/#website\",\"url\":\"https:\/\/www.spaipiscines.com\/es\/\",\"name\":\"Spa i Piscines\",\"description\":\"Fabricaci\u00f3 i muntatge de piscines a Girona\",\"potentialAction\":[{\"@type\":\"SearchAction\",\"target\":{\"@type\":\"EntryPoint\",\"urlTemplate\":\"https:\/\/www.spaipiscines.com\/es\/?s={search_term_string}\"},\"query-input\":{\"@type\":\"PropertyValueSpecification\",\"valueRequired\":true,\"valueName\":\"search_term_string\"}}],\"inLanguage\":\"es\"}]}<\/script>\n<!-- \/ Yoast SEO plugin. -->","yoast_head_json":{"title":"Spa Palma Platinum - Spa i Piscines","robots":{"index":"index","follow":"follow","max-snippet":"max-snippet:-1","max-image-preview":"max-image-preview:large","max-video-preview":"max-video-preview:-1"},"canonical":"https:\/\/www.spaipiscines.com\/es\/producte\/spa-palma-platinum\/","og_locale":"es_ES","og_type":"article","og_title":"Spa Palma Platinum - Spa i Piscines","og_description":"Dissenyat per a 6, el Palma \u00e9s un spa potent i de gran valor. El Spa \u00e9s al nou Platinum Spas Deluxe Range i inclou Superior Aristech Acrylic i \u00e9s l&#8217;spa ideal per a la diversi\u00f3 familiar o grupal. Ara inclou el premiat a\u00efllament d&#8217;efici\u00e8ncia energ\u00e8tica Escut premium de plat\u00ed Proporcionar una difer\u00e8ncia considerable a ... Leer m\u00e1s","og_url":"https:\/\/www.spaipiscines.com\/es\/producte\/spa-palma-platinum\/","og_site_name":"Spa i Piscines","article_modified_time":"2023-09-27T08:20:26+00:00","og_image":[{"width":800,"height":614,"url":"https:\/\/www.spaipiscines.com\/wp-content\/uploads\/2023\/09\/0004_Capa-1.jpg","type":"image\/jpeg"}],"twitter_card":"summary_large_image","twitter_misc":{"Tiempo de lectura":"2 minutos"},"schema":{"@context":"https:\/\/schema.org","@graph":[{"@type":"WebPage","@id":"https:\/\/www.spaipiscines.com\/es\/producte\/spa-palma-platinum\/","url":"https:\/\/www.spaipiscines.com\/es\/producte\/spa-palma-platinum\/","name":"Spa Palma Platinum - Spa i Piscines","isPartOf":{"@id":"https:\/\/www.spaipiscines.com\/es\/#website"},"primaryImageOfPage":{"@id":"https:\/\/www.spaipiscines.com\/es\/producte\/spa-palma-platinum\/#primaryimage"},"image":{"@id":"https:\/\/www.spaipiscines.com\/es\/producte\/spa-palma-platinum\/#primaryimage"},"thumbnailUrl":"https:\/\/www.spaipiscines.com\/wp-content\/uploads\/2023\/09\/0004_Capa-1.jpg","datePublished":"2023-09-27T08:04:12+00:00","dateModified":"2023-09-27T08:20:26+00:00","breadcrumb":{"@id":"https:\/\/www.spaipiscines.com\/es\/producte\/spa-palma-platinum\/#breadcrumb"},"inLanguage":"es","potentialAction":[{"@type":"ReadAction","target":["https:\/\/www.spaipiscines.com\/es\/producte\/spa-palma-platinum\/"]}]},{"@type":"ImageObject","inLanguage":"es","@id":"https:\/\/www.spaipiscines.com\/es\/producte\/spa-palma-platinum\/#primaryimage","url":"https:\/\/www.spaipiscines.com\/wp-content\/uploads\/2023\/09\/0004_Capa-1.jpg","contentUrl":"https:\/\/www.spaipiscines.com\/wp-content\/uploads\/2023\/09\/0004_Capa-1.jpg","width":800,"height":614},{"@type":"BreadcrumbList","@id":"https:\/\/www.spaipiscines.com\/es\/producte\/spa-palma-platinum\/#breadcrumb","itemListElement":[{"@type":"ListItem","position":1,"name":"Inici","item":"https:\/\/www.spaipiscines.com\/es\/"},{"@type":"ListItem","position":2,"name":"Tienda","item":"https:\/\/www.spaipiscines.com\/es\/tienda\/"},{"@type":"ListItem","position":3,"name":"Spa Palma Platinum"}]},{"@type":"WebSite","@id":"https:\/\/www.spaipiscines.com\/es\/#website","url":"https:\/\/www.spaipiscines.com\/es\/","name":"Spa i Piscines","description":"Fabricaci\u00f3 i muntatge de piscines a Girona","potentialAction":[{"@type":"SearchAction","target":{"@type":"EntryPoint","urlTemplate":"https:\/\/www.spaipiscines.com\/es\/?s={search_term_string}"},"query-input":{"@type":"PropertyValueSpecification","valueRequired":true,"valueName":"search_term_string"}}],"inLanguage":"es"}]}},"_links":{"self":[{"href":"https:\/\/www.spaipiscines.com\/es\/wp-json\/wp\/v2\/product\/209802","targetHints":{"allow":["GET"]}}],"collection":[{"href":"https:\/\/www.spaipiscines.com\/es\/wp-json\/wp\/v2\/product"}],"about":[{"href":"https:\/\/www.spaipiscines.com\/es\/wp-json\/wp\/v2\/types\/product"}],"replies":[{"embeddable":true,"href":"https:\/\/www.spaipiscines.com\/es\/wp-json\/wp\/v2\/comments?post=209802"}],"wp:featuredmedia":[{"embeddable":true,"href":"https:\/\/www.spaipiscines.com\/es\/wp-json\/wp\/v2\/media\/209803"}],"wp:attachment":[{"href":"https:\/\/www.spaipiscines.com\/es\/wp-json\/wp\/v2\/media?parent=209802"}],"wp:term":[{"taxonomy":"product_brand","embeddable":true,"href":"https:\/\/www.spaipiscines.com\/es\/wp-json\/wp\/v2\/product_brand?post=209802"},{"taxonomy":"product_cat","embeddable":true,"href":"https:\/\/www.spaipiscines.com\/es\/wp-json\/wp\/v2\/product_cat?post=209802"},{"taxonomy":"product_tag","embeddable":true,"href":"https:\/\/www.spaipiscines.com\/es\/wp-json\/wp\/v2\/product_tag?post=209802"}],"curies":[{"name":"wp","href":"https:\/\/api.w.org\/{rel}","templated":true}]}}