{"id":209787,"date":"2023-09-26T15:07:52","date_gmt":"2023-09-26T15:07:52","guid":{"rendered":"https:\/\/spaipiscines.com\/?post_type=product&#038;p=209787"},"modified":"2023-09-26T15:10:19","modified_gmt":"2023-09-26T15:10:19","slug":"swimspa-helios","status":"publish","type":"product","link":"https:\/\/www.spaipiscines.com\/es\/producte\/swimspa-helios\/","title":{"rendered":"Swimspa Helios"},"content":{"rendered":"<p>Nataci\u00f3n i spa, un preu excel\u00b7lent per a sis persones<\/p>\n<p>El spa de nataci\u00f3n Helios \u00e9s el millor paquet de naci\u00f3 i spa. Ofereix el millor dels dos mons, el que d\u00f3na com a resultat un dels millors balnearis de naci\u00f3 disponibles al mercat. Dos volums d&#8217;aigua asseguren que l&#8217;extrem de l&#8217;spa est\u00e9 calent, mentre que l&#8217;extrem de la naci\u00f3 est\u00e0 a una temperatura m\u00e9s baixa adequada per a res contra corrents forts.<\/p>\n<p>5900 \u00d7 2250 \u00d7 1500<\/p>\n<p>1250 kg<\/p>\n<p>2 x 40 ampers<\/p>\n<p>53 Jets<\/p>\n<p>Opci\u00f3 d&#8217;un color per a la carcassa i els panells laterals<br \/>\n53 jets amb una varietat de formacions<br \/>\nClarificador d&#8217;aigua d&#8217;ozono que mant\u00e9 l&#8217;aigua neta<br \/>\nMant\u00e9n l&#8217;aigua calenta amb l&#8217;a\u00efllament Platinum Premium Shield<br \/>\n2 x 2HP (spa) i 3 x 3HP (piscina) \u2013 Bombes LX, les bombes m\u00e9s avan\u00e7ades de la ind\u00fastria<br \/>\nConstru\u00eft amb acr\u00edlic Aristech, prove\u00efdor l\u00edder mundial<\/p>\n<p>&nbsp;<\/p>\n<p><a href=\"https:\/\/www.platinum-spas.com\/wp-content\/uploads\/2023\/04\/Helios_Platinum-Spas_Spanish.pdf\" target=\"_blank\" rel=\"noopener\"><strong>Descargar Full descriptiu (ES)<\/strong><\/a><\/p>\n","protected":false},"excerpt":{"rendered":"<p>Nataci\u00f3n i spa, un preu excel\u00b7lent per a sis persones<\/p>\n<p>5900 \u00d7 2250 \u00d7 1500<\/p>\n<p>1250 kg<\/p>\n<p>2 x 40 ampers<\/p>\n<p>53 Jets<\/p>\n<p>El spa de nataci\u00f3n Helios \u00e9s el millor paquet de naci\u00f3 i spa. Ofereix el millor dels dos mons, el que d\u00f3na com a resultat un dels millors balnearis de naci\u00f3 disponibles al mercat. Dos volums d&#8217;aigua asseguren que l&#8217;extrem de l&#8217;spa est\u00e9 calent, mentre que l&#8217;extrem de la naci\u00f3 est\u00e0 a una temperatura m\u00e9s baixa adequada per a res contra corrents forts.<\/p>\n<p>&nbsp;<\/p>\n","protected":false},"featured_media":209786,"comment_status":"open","ping_status":"closed","template":"","meta":[],"product_brand":[],"product_cat":[21],"product_tag":[],"class_list":{"0":"post-209787","1":"product","2":"type-product","3":"status-publish","4":"has-post-thumbnail","6":"product_cat-swimspa","8":"first","9":"instock","10":"shipping-taxable","11":"product-type-simple"},"yoast_head":"<!-- This site is optimized with the Yoast SEO plugin v27.2 - https:\/\/yoast.com\/product\/yoast-seo-wordpress\/ -->\n<title>Swimspa Helios - Spa i Piscines<\/title>\n<meta name=\"robots\" content=\"index, follow, max-snippet:-1, max-image-preview:large, max-video-preview:-1\" \/>\n<link rel=\"canonical\" href=\"https:\/\/www.spaipiscines.com\/es\/producte\/swimspa-helios\/\" \/>\n<meta property=\"og:locale\" content=\"es_ES\" \/>\n<meta property=\"og:type\" content=\"article\" \/>\n<meta property=\"og:title\" content=\"Swimspa Helios - Spa i Piscines\" \/>\n<meta property=\"og:description\" content=\"Nataci\u00f3n i spa, un preu excel\u00b7lent per a sis persones  5900 \u00d7 2250 \u00d7 1500  1250 kg  2 x 40 ampers  53 Jets  El spa de nataci\u00f3n Helios \u00e9s el millor paquet de naci\u00f3 i spa. Ofereix el millor dels dos mons, el que d\u00f3na com a resultat un dels millors balnearis de naci\u00f3 disponibles al mercat. Dos volums d&#039;aigua asseguren que l&#039;extrem de l&#039;spa est\u00e9 calent, mentre que l&#039;extrem de la naci\u00f3 est\u00e0 a una temperatura m\u00e9s baixa adequada per a res contra corrents forts.  &nbsp;\" \/>\n<meta property=\"og:url\" content=\"https:\/\/www.spaipiscines.com\/es\/producte\/swimspa-helios\/\" \/>\n<meta property=\"og:site_name\" content=\"Spa i Piscines\" \/>\n<meta property=\"article:modified_time\" content=\"2023-09-26T15:10:19+00:00\" \/>\n<meta property=\"og:image\" content=\"https:\/\/www.spaipiscines.com\/wp-content\/uploads\/2023\/09\/Zelus.jpg\" \/>\n\t<meta property=\"og:image:width\" content=\"700\" \/>\n\t<meta property=\"og:image:height\" content=\"537\" \/>\n\t<meta property=\"og:image:type\" content=\"image\/jpeg\" \/>\n<meta name=\"twitter:card\" content=\"summary_large_image\" \/>\n<meta name=\"twitter:label1\" content=\"Tiempo de lectura\" \/>\n\t<meta name=\"twitter:data1\" content=\"1 minuto\" \/>\n<script type=\"application\/ld+json\" class=\"yoast-schema-graph\">{\"@context\":\"https:\/\/schema.org\",\"@graph\":[{\"@type\":\"WebPage\",\"@id\":\"https:\/\/www.spaipiscines.com\/es\/producte\/swimspa-helios\/\",\"url\":\"https:\/\/www.spaipiscines.com\/es\/producte\/swimspa-helios\/\",\"name\":\"Swimspa Helios - Spa i Piscines\",\"isPartOf\":{\"@id\":\"https:\/\/www.spaipiscines.com\/es\/#website\"},\"primaryImageOfPage\":{\"@id\":\"https:\/\/www.spaipiscines.com\/es\/producte\/swimspa-helios\/#primaryimage\"},\"image\":{\"@id\":\"https:\/\/www.spaipiscines.com\/es\/producte\/swimspa-helios\/#primaryimage\"},\"thumbnailUrl\":\"https:\/\/www.spaipiscines.com\/wp-content\/uploads\/2023\/09\/Zelus.jpg\",\"datePublished\":\"2023-09-26T15:07:52+00:00\",\"dateModified\":\"2023-09-26T15:10:19+00:00\",\"breadcrumb\":{\"@id\":\"https:\/\/www.spaipiscines.com\/es\/producte\/swimspa-helios\/#breadcrumb\"},\"inLanguage\":\"es\",\"potentialAction\":[{\"@type\":\"ReadAction\",\"target\":[\"https:\/\/www.spaipiscines.com\/es\/producte\/swimspa-helios\/\"]}]},{\"@type\":\"ImageObject\",\"inLanguage\":\"es\",\"@id\":\"https:\/\/www.spaipiscines.com\/es\/producte\/swimspa-helios\/#primaryimage\",\"url\":\"https:\/\/www.spaipiscines.com\/wp-content\/uploads\/2023\/09\/Zelus.jpg\",\"contentUrl\":\"https:\/\/www.spaipiscines.com\/wp-content\/uploads\/2023\/09\/Zelus.jpg\",\"width\":700,\"height\":537},{\"@type\":\"BreadcrumbList\",\"@id\":\"https:\/\/www.spaipiscines.com\/es\/producte\/swimspa-helios\/#breadcrumb\",\"itemListElement\":[{\"@type\":\"ListItem\",\"position\":1,\"name\":\"Inici\",\"item\":\"https:\/\/www.spaipiscines.com\/es\/\"},{\"@type\":\"ListItem\",\"position\":2,\"name\":\"Tienda\",\"item\":\"https:\/\/www.spaipiscines.com\/es\/tienda\/\"},{\"@type\":\"ListItem\",\"position\":3,\"name\":\"Swimspa Helios\"}]},{\"@type\":\"WebSite\",\"@id\":\"https:\/\/www.spaipiscines.com\/es\/#website\",\"url\":\"https:\/\/www.spaipiscines.com\/es\/\",\"name\":\"Spa i Piscines\",\"description\":\"Fabricaci\u00f3 i muntatge de piscines a Girona\",\"potentialAction\":[{\"@type\":\"SearchAction\",\"target\":{\"@type\":\"EntryPoint\",\"urlTemplate\":\"https:\/\/www.spaipiscines.com\/es\/?s={search_term_string}\"},\"query-input\":{\"@type\":\"PropertyValueSpecification\",\"valueRequired\":true,\"valueName\":\"search_term_string\"}}],\"inLanguage\":\"es\"}]}<\/script>\n<!-- \/ Yoast SEO plugin. -->","yoast_head_json":{"title":"Swimspa Helios - Spa i Piscines","robots":{"index":"index","follow":"follow","max-snippet":"max-snippet:-1","max-image-preview":"max-image-preview:large","max-video-preview":"max-video-preview:-1"},"canonical":"https:\/\/www.spaipiscines.com\/es\/producte\/swimspa-helios\/","og_locale":"es_ES","og_type":"article","og_title":"Swimspa Helios - Spa i Piscines","og_description":"Nataci\u00f3n i spa, un preu excel\u00b7lent per a sis persones  5900 \u00d7 2250 \u00d7 1500  1250 kg  2 x 40 ampers  53 Jets  El spa de nataci\u00f3n Helios \u00e9s el millor paquet de naci\u00f3 i spa. Ofereix el millor dels dos mons, el que d\u00f3na com a resultat un dels millors balnearis de naci\u00f3 disponibles al mercat. Dos volums d'aigua asseguren que l'extrem de l'spa est\u00e9 calent, mentre que l'extrem de la naci\u00f3 est\u00e0 a una temperatura m\u00e9s baixa adequada per a res contra corrents forts.  &nbsp;","og_url":"https:\/\/www.spaipiscines.com\/es\/producte\/swimspa-helios\/","og_site_name":"Spa i Piscines","article_modified_time":"2023-09-26T15:10:19+00:00","og_image":[{"width":700,"height":537,"url":"https:\/\/www.spaipiscines.com\/wp-content\/uploads\/2023\/09\/Zelus.jpg","type":"image\/jpeg"}],"twitter_card":"summary_large_image","twitter_misc":{"Tiempo de lectura":"1 minuto"},"schema":{"@context":"https:\/\/schema.org","@graph":[{"@type":"WebPage","@id":"https:\/\/www.spaipiscines.com\/es\/producte\/swimspa-helios\/","url":"https:\/\/www.spaipiscines.com\/es\/producte\/swimspa-helios\/","name":"Swimspa Helios - Spa i Piscines","isPartOf":{"@id":"https:\/\/www.spaipiscines.com\/es\/#website"},"primaryImageOfPage":{"@id":"https:\/\/www.spaipiscines.com\/es\/producte\/swimspa-helios\/#primaryimage"},"image":{"@id":"https:\/\/www.spaipiscines.com\/es\/producte\/swimspa-helios\/#primaryimage"},"thumbnailUrl":"https:\/\/www.spaipiscines.com\/wp-content\/uploads\/2023\/09\/Zelus.jpg","datePublished":"2023-09-26T15:07:52+00:00","dateModified":"2023-09-26T15:10:19+00:00","breadcrumb":{"@id":"https:\/\/www.spaipiscines.com\/es\/producte\/swimspa-helios\/#breadcrumb"},"inLanguage":"es","potentialAction":[{"@type":"ReadAction","target":["https:\/\/www.spaipiscines.com\/es\/producte\/swimspa-helios\/"]}]},{"@type":"ImageObject","inLanguage":"es","@id":"https:\/\/www.spaipiscines.com\/es\/producte\/swimspa-helios\/#primaryimage","url":"https:\/\/www.spaipiscines.com\/wp-content\/uploads\/2023\/09\/Zelus.jpg","contentUrl":"https:\/\/www.spaipiscines.com\/wp-content\/uploads\/2023\/09\/Zelus.jpg","width":700,"height":537},{"@type":"BreadcrumbList","@id":"https:\/\/www.spaipiscines.com\/es\/producte\/swimspa-helios\/#breadcrumb","itemListElement":[{"@type":"ListItem","position":1,"name":"Inici","item":"https:\/\/www.spaipiscines.com\/es\/"},{"@type":"ListItem","position":2,"name":"Tienda","item":"https:\/\/www.spaipiscines.com\/es\/tienda\/"},{"@type":"ListItem","position":3,"name":"Swimspa Helios"}]},{"@type":"WebSite","@id":"https:\/\/www.spaipiscines.com\/es\/#website","url":"https:\/\/www.spaipiscines.com\/es\/","name":"Spa i Piscines","description":"Fabricaci\u00f3 i muntatge de piscines a Girona","potentialAction":[{"@type":"SearchAction","target":{"@type":"EntryPoint","urlTemplate":"https:\/\/www.spaipiscines.com\/es\/?s={search_term_string}"},"query-input":{"@type":"PropertyValueSpecification","valueRequired":true,"valueName":"search_term_string"}}],"inLanguage":"es"}]}},"_links":{"self":[{"href":"https:\/\/www.spaipiscines.com\/es\/wp-json\/wp\/v2\/product\/209787","targetHints":{"allow":["GET"]}}],"collection":[{"href":"https:\/\/www.spaipiscines.com\/es\/wp-json\/wp\/v2\/product"}],"about":[{"href":"https:\/\/www.spaipiscines.com\/es\/wp-json\/wp\/v2\/types\/product"}],"replies":[{"embeddable":true,"href":"https:\/\/www.spaipiscines.com\/es\/wp-json\/wp\/v2\/comments?post=209787"}],"wp:featuredmedia":[{"embeddable":true,"href":"https:\/\/www.spaipiscines.com\/es\/wp-json\/wp\/v2\/media\/209786"}],"wp:attachment":[{"href":"https:\/\/www.spaipiscines.com\/es\/wp-json\/wp\/v2\/media?parent=209787"}],"wp:term":[{"taxonomy":"product_brand","embeddable":true,"href":"https:\/\/www.spaipiscines.com\/es\/wp-json\/wp\/v2\/product_brand?post=209787"},{"taxonomy":"product_cat","embeddable":true,"href":"https:\/\/www.spaipiscines.com\/es\/wp-json\/wp\/v2\/product_cat?post=209787"},{"taxonomy":"product_tag","embeddable":true,"href":"https:\/\/www.spaipiscines.com\/es\/wp-json\/wp\/v2\/product_tag?post=209787"}],"curies":[{"name":"wp","href":"https:\/\/api.w.org\/{rel}","templated":true}]}}