{"id":209785,"date":"2023-09-26T15:02:18","date_gmt":"2023-09-26T15:02:18","guid":{"rendered":"https:\/\/spaipiscines.com\/?post_type=product&#038;p=209785"},"modified":"2023-09-26T15:06:32","modified_gmt":"2023-09-26T15:06:32","slug":"swimspa-zelus","status":"publish","type":"product","link":"https:\/\/www.spaipiscines.com\/es\/producte\/swimspa-zelus\/","title":{"rendered":"Swimspa ZELUS"},"content":{"rendered":"<p>El millor paquet de nataci\u00f3 i spa<\/p>\n<p>El paquet definitiu de naci\u00f3 i spa, el Zelus, li brinda el millor dels dos mons per formar un dels balnearis de naci\u00f3 amb la millor relaci\u00f3 qualitat-preu disponibles al mercat.<\/p>\n<p>5700 \u00d7 2250 \u00d7 1500<\/p>\n<p>1250 kg<\/p>\n<p>40 ampers<\/p>\n<p>42 Jets<\/p>\n<p>Opci\u00f3 d&#8217;un color per a la carcassa i els panells laterals<br \/>\n39 chorros d&#8217;hidroterapia amb diferents formacions<br \/>\n3 chorros de nataci\u00f3n en forma de U de gran tamany<br \/>\nClarificador d&#8217;aigua d&#8217;ozono que mant\u00e9 l&#8217;aigua neta<br \/>\n1 x 3HP (secci\u00f3 de spa) i 3 x 3HP (secci\u00f3 de bany) \u2013 Bombes LX, les bombes m\u00e9s avan\u00e7ades de la ind\u00fastria<br \/>\nMant\u00e9n la teva aigua calenta amb l&#8217;a\u00efllament Premium Platinum Shield<br \/>\nConstru\u00eft amb acr\u00edlic Aristech, prove\u00efdor l\u00edder mundial<\/p>\n<p>&nbsp;<\/p>\n<p><a href=\"https:\/\/www.platinum-spas.com\/wp-content\/uploads\/2023\/04\/Zelus_Platinum-Spas_Spanish.pdf\" target=\"_blank\" rel=\"noopener\"><strong>Descargar Full descriptiu (ES)<\/strong><\/a><\/p>\n","protected":false},"excerpt":{"rendered":"<p>El millor paquet de nataci\u00f3 i spa<\/p>\n<p>El paquet definitiu de naci\u00f3 i spa, el Zelus, li brinda el millor dels dos mons per formar un dels balnearis de naci\u00f3 amb la millor relaci\u00f3 qualitat-preu disponibles al mercat.<\/p>\n<p>&nbsp;<\/p>\n","protected":false},"featured_media":209786,"comment_status":"open","ping_status":"closed","template":"","meta":[],"product_brand":[],"product_cat":[21],"product_tag":[],"class_list":{"0":"post-209785","1":"product","2":"type-product","3":"status-publish","4":"has-post-thumbnail","6":"product_cat-swimspa","8":"first","9":"instock","10":"shipping-taxable","11":"product-type-simple"},"yoast_head":"<!-- This site is optimized with the Yoast SEO plugin v27.2 - https:\/\/yoast.com\/product\/yoast-seo-wordpress\/ -->\n<title>Swimspa ZELUS - Spa i Piscines<\/title>\n<meta name=\"robots\" content=\"index, follow, max-snippet:-1, max-image-preview:large, max-video-preview:-1\" \/>\n<link rel=\"canonical\" href=\"https:\/\/www.spaipiscines.com\/es\/producte\/swimspa-zelus\/\" \/>\n<meta property=\"og:locale\" content=\"es_ES\" \/>\n<meta property=\"og:type\" content=\"article\" \/>\n<meta property=\"og:title\" content=\"Swimspa ZELUS - Spa i Piscines\" \/>\n<meta property=\"og:description\" content=\"El millor paquet de nataci\u00f3 i spa  El paquet definitiu de naci\u00f3 i spa, el Zelus, li brinda el millor dels dos mons per formar un dels balnearis de naci\u00f3 amb la millor relaci\u00f3 qualitat-preu disponibles al mercat.  &nbsp;\" \/>\n<meta property=\"og:url\" content=\"https:\/\/www.spaipiscines.com\/es\/producte\/swimspa-zelus\/\" \/>\n<meta property=\"og:site_name\" content=\"Spa i Piscines\" \/>\n<meta property=\"article:modified_time\" content=\"2023-09-26T15:06:32+00:00\" \/>\n<meta property=\"og:image\" content=\"https:\/\/www.spaipiscines.com\/wp-content\/uploads\/2023\/09\/Zelus.jpg\" \/>\n\t<meta property=\"og:image:width\" content=\"700\" \/>\n\t<meta property=\"og:image:height\" content=\"537\" \/>\n\t<meta property=\"og:image:type\" content=\"image\/jpeg\" \/>\n<meta name=\"twitter:card\" content=\"summary_large_image\" \/>\n<meta name=\"twitter:label1\" content=\"Tiempo de lectura\" \/>\n\t<meta name=\"twitter:data1\" content=\"1 minuto\" \/>\n<script type=\"application\/ld+json\" class=\"yoast-schema-graph\">{\"@context\":\"https:\/\/schema.org\",\"@graph\":[{\"@type\":\"WebPage\",\"@id\":\"https:\/\/www.spaipiscines.com\/es\/producte\/swimspa-zelus\/\",\"url\":\"https:\/\/www.spaipiscines.com\/es\/producte\/swimspa-zelus\/\",\"name\":\"Swimspa ZELUS - Spa i Piscines\",\"isPartOf\":{\"@id\":\"https:\/\/www.spaipiscines.com\/es\/#website\"},\"primaryImageOfPage\":{\"@id\":\"https:\/\/www.spaipiscines.com\/es\/producte\/swimspa-zelus\/#primaryimage\"},\"image\":{\"@id\":\"https:\/\/www.spaipiscines.com\/es\/producte\/swimspa-zelus\/#primaryimage\"},\"thumbnailUrl\":\"https:\/\/www.spaipiscines.com\/wp-content\/uploads\/2023\/09\/Zelus.jpg\",\"datePublished\":\"2023-09-26T15:02:18+00:00\",\"dateModified\":\"2023-09-26T15:06:32+00:00\",\"breadcrumb\":{\"@id\":\"https:\/\/www.spaipiscines.com\/es\/producte\/swimspa-zelus\/#breadcrumb\"},\"inLanguage\":\"es\",\"potentialAction\":[{\"@type\":\"ReadAction\",\"target\":[\"https:\/\/www.spaipiscines.com\/es\/producte\/swimspa-zelus\/\"]}]},{\"@type\":\"ImageObject\",\"inLanguage\":\"es\",\"@id\":\"https:\/\/www.spaipiscines.com\/es\/producte\/swimspa-zelus\/#primaryimage\",\"url\":\"https:\/\/www.spaipiscines.com\/wp-content\/uploads\/2023\/09\/Zelus.jpg\",\"contentUrl\":\"https:\/\/www.spaipiscines.com\/wp-content\/uploads\/2023\/09\/Zelus.jpg\",\"width\":700,\"height\":537},{\"@type\":\"BreadcrumbList\",\"@id\":\"https:\/\/www.spaipiscines.com\/es\/producte\/swimspa-zelus\/#breadcrumb\",\"itemListElement\":[{\"@type\":\"ListItem\",\"position\":1,\"name\":\"Inici\",\"item\":\"https:\/\/www.spaipiscines.com\/es\/\"},{\"@type\":\"ListItem\",\"position\":2,\"name\":\"Tienda\",\"item\":\"https:\/\/www.spaipiscines.com\/es\/tienda\/\"},{\"@type\":\"ListItem\",\"position\":3,\"name\":\"Swimspa ZELUS\"}]},{\"@type\":\"WebSite\",\"@id\":\"https:\/\/www.spaipiscines.com\/es\/#website\",\"url\":\"https:\/\/www.spaipiscines.com\/es\/\",\"name\":\"Spa i Piscines\",\"description\":\"Fabricaci\u00f3 i muntatge de piscines a Girona\",\"potentialAction\":[{\"@type\":\"SearchAction\",\"target\":{\"@type\":\"EntryPoint\",\"urlTemplate\":\"https:\/\/www.spaipiscines.com\/es\/?s={search_term_string}\"},\"query-input\":{\"@type\":\"PropertyValueSpecification\",\"valueRequired\":true,\"valueName\":\"search_term_string\"}}],\"inLanguage\":\"es\"}]}<\/script>\n<!-- \/ Yoast SEO plugin. -->","yoast_head_json":{"title":"Swimspa ZELUS - Spa i Piscines","robots":{"index":"index","follow":"follow","max-snippet":"max-snippet:-1","max-image-preview":"max-image-preview:large","max-video-preview":"max-video-preview:-1"},"canonical":"https:\/\/www.spaipiscines.com\/es\/producte\/swimspa-zelus\/","og_locale":"es_ES","og_type":"article","og_title":"Swimspa ZELUS - Spa i Piscines","og_description":"El millor paquet de nataci\u00f3 i spa  El paquet definitiu de naci\u00f3 i spa, el Zelus, li brinda el millor dels dos mons per formar un dels balnearis de naci\u00f3 amb la millor relaci\u00f3 qualitat-preu disponibles al mercat.  &nbsp;","og_url":"https:\/\/www.spaipiscines.com\/es\/producte\/swimspa-zelus\/","og_site_name":"Spa i Piscines","article_modified_time":"2023-09-26T15:06:32+00:00","og_image":[{"width":700,"height":537,"url":"https:\/\/www.spaipiscines.com\/wp-content\/uploads\/2023\/09\/Zelus.jpg","type":"image\/jpeg"}],"twitter_card":"summary_large_image","twitter_misc":{"Tiempo de lectura":"1 minuto"},"schema":{"@context":"https:\/\/schema.org","@graph":[{"@type":"WebPage","@id":"https:\/\/www.spaipiscines.com\/es\/producte\/swimspa-zelus\/","url":"https:\/\/www.spaipiscines.com\/es\/producte\/swimspa-zelus\/","name":"Swimspa ZELUS - Spa i Piscines","isPartOf":{"@id":"https:\/\/www.spaipiscines.com\/es\/#website"},"primaryImageOfPage":{"@id":"https:\/\/www.spaipiscines.com\/es\/producte\/swimspa-zelus\/#primaryimage"},"image":{"@id":"https:\/\/www.spaipiscines.com\/es\/producte\/swimspa-zelus\/#primaryimage"},"thumbnailUrl":"https:\/\/www.spaipiscines.com\/wp-content\/uploads\/2023\/09\/Zelus.jpg","datePublished":"2023-09-26T15:02:18+00:00","dateModified":"2023-09-26T15:06:32+00:00","breadcrumb":{"@id":"https:\/\/www.spaipiscines.com\/es\/producte\/swimspa-zelus\/#breadcrumb"},"inLanguage":"es","potentialAction":[{"@type":"ReadAction","target":["https:\/\/www.spaipiscines.com\/es\/producte\/swimspa-zelus\/"]}]},{"@type":"ImageObject","inLanguage":"es","@id":"https:\/\/www.spaipiscines.com\/es\/producte\/swimspa-zelus\/#primaryimage","url":"https:\/\/www.spaipiscines.com\/wp-content\/uploads\/2023\/09\/Zelus.jpg","contentUrl":"https:\/\/www.spaipiscines.com\/wp-content\/uploads\/2023\/09\/Zelus.jpg","width":700,"height":537},{"@type":"BreadcrumbList","@id":"https:\/\/www.spaipiscines.com\/es\/producte\/swimspa-zelus\/#breadcrumb","itemListElement":[{"@type":"ListItem","position":1,"name":"Inici","item":"https:\/\/www.spaipiscines.com\/es\/"},{"@type":"ListItem","position":2,"name":"Tienda","item":"https:\/\/www.spaipiscines.com\/es\/tienda\/"},{"@type":"ListItem","position":3,"name":"Swimspa ZELUS"}]},{"@type":"WebSite","@id":"https:\/\/www.spaipiscines.com\/es\/#website","url":"https:\/\/www.spaipiscines.com\/es\/","name":"Spa i Piscines","description":"Fabricaci\u00f3 i muntatge de piscines a Girona","potentialAction":[{"@type":"SearchAction","target":{"@type":"EntryPoint","urlTemplate":"https:\/\/www.spaipiscines.com\/es\/?s={search_term_string}"},"query-input":{"@type":"PropertyValueSpecification","valueRequired":true,"valueName":"search_term_string"}}],"inLanguage":"es"}]}},"_links":{"self":[{"href":"https:\/\/www.spaipiscines.com\/es\/wp-json\/wp\/v2\/product\/209785","targetHints":{"allow":["GET"]}}],"collection":[{"href":"https:\/\/www.spaipiscines.com\/es\/wp-json\/wp\/v2\/product"}],"about":[{"href":"https:\/\/www.spaipiscines.com\/es\/wp-json\/wp\/v2\/types\/product"}],"replies":[{"embeddable":true,"href":"https:\/\/www.spaipiscines.com\/es\/wp-json\/wp\/v2\/comments?post=209785"}],"wp:featuredmedia":[{"embeddable":true,"href":"https:\/\/www.spaipiscines.com\/es\/wp-json\/wp\/v2\/media\/209786"}],"wp:attachment":[{"href":"https:\/\/www.spaipiscines.com\/es\/wp-json\/wp\/v2\/media?parent=209785"}],"wp:term":[{"taxonomy":"product_brand","embeddable":true,"href":"https:\/\/www.spaipiscines.com\/es\/wp-json\/wp\/v2\/product_brand?post=209785"},{"taxonomy":"product_cat","embeddable":true,"href":"https:\/\/www.spaipiscines.com\/es\/wp-json\/wp\/v2\/product_cat?post=209785"},{"taxonomy":"product_tag","embeddable":true,"href":"https:\/\/www.spaipiscines.com\/es\/wp-json\/wp\/v2\/product_tag?post=209785"}],"curies":[{"name":"wp","href":"https:\/\/api.w.org\/{rel}","templated":true}]}}