{"id":209642,"date":"2023-03-13T15:45:08","date_gmt":"2023-03-13T15:45:08","guid":{"rendered":"https:\/\/spaipiscines.com\/?post_type=product&#038;p=209642"},"modified":"2023-10-17T08:37:36","modified_gmt":"2023-10-17T08:37:36","slug":"sauna-hekla-cube-160","status":"publish","type":"product","link":"https:\/\/www.spaipiscines.com\/es\/producte\/sauna-hekla-cube-160\/","title":{"rendered":"Sauna Hekla Cube 160"},"content":{"rendered":"<p>\u2022 160 x 235 x 225cm<br \/>\n\u2022 Sauna per a 2 persones<br \/>\n\u2022 Estructura d&#8217;avet termo de 40 mm<br \/>\n\u2022 Panell frontal de vidre complet<br \/>\n\u2022 2 o 3 bigues de fonamentaci\u00f3<br \/>\n\u2022 2 x bandes de marc met\u00e0l\u00b7lic<br \/>\n\u2022 2 x bancs de sauna<br \/>\n\u2022 V\u00e0lvula de ventilaci\u00f3 de la sauna<br \/>\n\u2022 Porta sauna, vidre temperat de 8 mm<br \/>\n\u2022 1\/2 finestra panor\u00e0mica<br \/>\n\u2022 2 x llums LED amb interruptor<br \/>\n\u2022 Teula de teulada Shingle<\/p>\n","protected":false},"excerpt":{"rendered":"<h2>Escalfador Narvi Smooth<\/h2>\n<p><img fetchpriority=\"high\" decoding=\"async\" class=\"alignleft\" src=\"https:\/\/superiorwellness.co.uk\/wp-content\/uploads\/2023\/01\/navri2.jpeg\" width=\"415\" height=\"321\" \/>El gran Narvi Smooth \u00e9s un escalfador de torre el\u00e8ctric completament nou de Narvi. El disseny elegant, la f\u00e0cil instal\u00b7laci\u00f3 i el suau \u00abl\u00f6yly\u00bb (el nom del vapor calent que s&#8217;evapora que s&#8217;aixeca de l&#8217;estufa despr\u00e9s que s&#8217;ha llen\u00e7at aigua amb cura) fan d&#8217;aquesta una excel\u00b7lent opci\u00f3.<\/p>\n<p>La gran capacitat de pedra proporciona una agradable experi\u00e8ncia de sauna i es pot instal\u00b7lar a la cantonada per estalviar espai.<\/p>\n<p>T\u00e8cnicament, el Smooth \u00e9s lleugerament diferent d&#8217;altres models de Narvi, ja que \u00e9s m\u00e9s f\u00e0cil col\u00b7locar i canviar les pedres de la sauna. Narvi Smooth ve amb una unitat de control externa que \u00e9s f\u00e0cil d&#8217;utilitzar.<\/p>\n","protected":false},"featured_media":209638,"comment_status":"open","ping_status":"closed","template":"","meta":[],"product_brand":[],"product_cat":[49,47],"product_tag":[],"class_list":{"0":"post-209642","1":"product","2":"type-product","3":"status-publish","4":"has-post-thumbnail","6":"product_cat-cube-160","7":"product_cat-hekla","9":"first","10":"instock","11":"shipping-taxable","12":"product-type-simple"},"yoast_head":"<!-- This site is optimized with the Yoast SEO plugin v27.2 - https:\/\/yoast.com\/product\/yoast-seo-wordpress\/ -->\n<title>Sauna Hekla Cube 160 - Spa i Piscines<\/title>\n<meta name=\"robots\" content=\"index, follow, max-snippet:-1, max-image-preview:large, max-video-preview:-1\" \/>\n<link rel=\"canonical\" href=\"https:\/\/www.spaipiscines.com\/es\/producte\/sauna-hekla-cube-160\/\" \/>\n<meta property=\"og:locale\" content=\"es_ES\" \/>\n<meta property=\"og:type\" content=\"article\" \/>\n<meta property=\"og:title\" content=\"Sauna Hekla Cube 160 - Spa i Piscines\" \/>\n<meta property=\"og:description\" content=\"Escalfador Narvi Smooth El gran Narvi Smooth \u00e9s un escalfador de torre el\u00e8ctric completament nou de Narvi. El disseny elegant, la f\u00e0cil instal\u00b7laci\u00f3 i el suau &quot;l\u00f6yly&quot; (el nom del vapor calent que s&#039;evapora que s&#039;aixeca de l&#039;estufa despr\u00e9s que s&#039;ha llen\u00e7at aigua amb cura) fan d&#039;aquesta una excel\u00b7lent opci\u00f3.  La gran capacitat de pedra proporciona una agradable experi\u00e8ncia de sauna i es pot instal\u00b7lar a la cantonada per estalviar espai.  T\u00e8cnicament, el Smooth \u00e9s lleugerament diferent d&#039;altres models de Narvi, ja que \u00e9s m\u00e9s f\u00e0cil col\u00b7locar i canviar les pedres de la sauna. Narvi Smooth ve amb una unitat de control externa que \u00e9s f\u00e0cil d&#039;utilitzar.\" \/>\n<meta property=\"og:url\" content=\"https:\/\/www.spaipiscines.com\/es\/producte\/sauna-hekla-cube-160\/\" \/>\n<meta property=\"og:site_name\" content=\"Spa i Piscines\" \/>\n<meta property=\"article:modified_time\" content=\"2023-10-17T08:37:36+00:00\" \/>\n<meta property=\"og:image\" content=\"https:\/\/www.spaipiscines.com\/wp-content\/uploads\/2023\/03\/cube-sauna-780x813-1.png\" \/>\n\t<meta property=\"og:image:width\" content=\"780\" \/>\n\t<meta property=\"og:image:height\" content=\"813\" \/>\n\t<meta property=\"og:image:type\" content=\"image\/png\" \/>\n<meta name=\"twitter:card\" content=\"summary_large_image\" \/>\n<meta name=\"twitter:label1\" content=\"Tiempo de lectura\" \/>\n\t<meta name=\"twitter:data1\" content=\"1 minuto\" \/>\n<script type=\"application\/ld+json\" class=\"yoast-schema-graph\">{\"@context\":\"https:\/\/schema.org\",\"@graph\":[{\"@type\":\"WebPage\",\"@id\":\"https:\/\/www.spaipiscines.com\/es\/producte\/sauna-hekla-cube-160\/\",\"url\":\"https:\/\/www.spaipiscines.com\/es\/producte\/sauna-hekla-cube-160\/\",\"name\":\"Sauna Hekla Cube 160 - Spa i Piscines\",\"isPartOf\":{\"@id\":\"https:\/\/www.spaipiscines.com\/es\/#website\"},\"primaryImageOfPage\":{\"@id\":\"https:\/\/www.spaipiscines.com\/es\/producte\/sauna-hekla-cube-160\/#primaryimage\"},\"image\":{\"@id\":\"https:\/\/www.spaipiscines.com\/es\/producte\/sauna-hekla-cube-160\/#primaryimage\"},\"thumbnailUrl\":\"https:\/\/www.spaipiscines.com\/wp-content\/uploads\/2023\/03\/cube-sauna-780x813-1.png\",\"datePublished\":\"2023-03-13T15:45:08+00:00\",\"dateModified\":\"2023-10-17T08:37:36+00:00\",\"breadcrumb\":{\"@id\":\"https:\/\/www.spaipiscines.com\/es\/producte\/sauna-hekla-cube-160\/#breadcrumb\"},\"inLanguage\":\"es\",\"potentialAction\":[{\"@type\":\"ReadAction\",\"target\":[\"https:\/\/www.spaipiscines.com\/es\/producte\/sauna-hekla-cube-160\/\"]}]},{\"@type\":\"ImageObject\",\"inLanguage\":\"es\",\"@id\":\"https:\/\/www.spaipiscines.com\/es\/producte\/sauna-hekla-cube-160\/#primaryimage\",\"url\":\"https:\/\/www.spaipiscines.com\/wp-content\/uploads\/2023\/03\/cube-sauna-780x813-1.png\",\"contentUrl\":\"https:\/\/www.spaipiscines.com\/wp-content\/uploads\/2023\/03\/cube-sauna-780x813-1.png\",\"width\":780,\"height\":813},{\"@type\":\"BreadcrumbList\",\"@id\":\"https:\/\/www.spaipiscines.com\/es\/producte\/sauna-hekla-cube-160\/#breadcrumb\",\"itemListElement\":[{\"@type\":\"ListItem\",\"position\":1,\"name\":\"Inici\",\"item\":\"https:\/\/www.spaipiscines.com\/es\/\"},{\"@type\":\"ListItem\",\"position\":2,\"name\":\"Tienda\",\"item\":\"https:\/\/www.spaipiscines.com\/es\/tienda\/\"},{\"@type\":\"ListItem\",\"position\":3,\"name\":\"Sauna Hekla Cube 160\"}]},{\"@type\":\"WebSite\",\"@id\":\"https:\/\/www.spaipiscines.com\/es\/#website\",\"url\":\"https:\/\/www.spaipiscines.com\/es\/\",\"name\":\"Spa i Piscines\",\"description\":\"Fabricaci\u00f3 i muntatge de piscines a Girona\",\"potentialAction\":[{\"@type\":\"SearchAction\",\"target\":{\"@type\":\"EntryPoint\",\"urlTemplate\":\"https:\/\/www.spaipiscines.com\/es\/?s={search_term_string}\"},\"query-input\":{\"@type\":\"PropertyValueSpecification\",\"valueRequired\":true,\"valueName\":\"search_term_string\"}}],\"inLanguage\":\"es\"}]}<\/script>\n<!-- \/ Yoast SEO plugin. -->","yoast_head_json":{"title":"Sauna Hekla Cube 160 - Spa i Piscines","robots":{"index":"index","follow":"follow","max-snippet":"max-snippet:-1","max-image-preview":"max-image-preview:large","max-video-preview":"max-video-preview:-1"},"canonical":"https:\/\/www.spaipiscines.com\/es\/producte\/sauna-hekla-cube-160\/","og_locale":"es_ES","og_type":"article","og_title":"Sauna Hekla Cube 160 - Spa i Piscines","og_description":"Escalfador Narvi Smooth El gran Narvi Smooth \u00e9s un escalfador de torre el\u00e8ctric completament nou de Narvi. El disseny elegant, la f\u00e0cil instal\u00b7laci\u00f3 i el suau \"l\u00f6yly\" (el nom del vapor calent que s'evapora que s'aixeca de l'estufa despr\u00e9s que s'ha llen\u00e7at aigua amb cura) fan d'aquesta una excel\u00b7lent opci\u00f3.  La gran capacitat de pedra proporciona una agradable experi\u00e8ncia de sauna i es pot instal\u00b7lar a la cantonada per estalviar espai.  T\u00e8cnicament, el Smooth \u00e9s lleugerament diferent d'altres models de Narvi, ja que \u00e9s m\u00e9s f\u00e0cil col\u00b7locar i canviar les pedres de la sauna. Narvi Smooth ve amb una unitat de control externa que \u00e9s f\u00e0cil d'utilitzar.","og_url":"https:\/\/www.spaipiscines.com\/es\/producte\/sauna-hekla-cube-160\/","og_site_name":"Spa i Piscines","article_modified_time":"2023-10-17T08:37:36+00:00","og_image":[{"width":780,"height":813,"url":"https:\/\/www.spaipiscines.com\/wp-content\/uploads\/2023\/03\/cube-sauna-780x813-1.png","type":"image\/png"}],"twitter_card":"summary_large_image","twitter_misc":{"Tiempo de lectura":"1 minuto"},"schema":{"@context":"https:\/\/schema.org","@graph":[{"@type":"WebPage","@id":"https:\/\/www.spaipiscines.com\/es\/producte\/sauna-hekla-cube-160\/","url":"https:\/\/www.spaipiscines.com\/es\/producte\/sauna-hekla-cube-160\/","name":"Sauna Hekla Cube 160 - Spa i Piscines","isPartOf":{"@id":"https:\/\/www.spaipiscines.com\/es\/#website"},"primaryImageOfPage":{"@id":"https:\/\/www.spaipiscines.com\/es\/producte\/sauna-hekla-cube-160\/#primaryimage"},"image":{"@id":"https:\/\/www.spaipiscines.com\/es\/producte\/sauna-hekla-cube-160\/#primaryimage"},"thumbnailUrl":"https:\/\/www.spaipiscines.com\/wp-content\/uploads\/2023\/03\/cube-sauna-780x813-1.png","datePublished":"2023-03-13T15:45:08+00:00","dateModified":"2023-10-17T08:37:36+00:00","breadcrumb":{"@id":"https:\/\/www.spaipiscines.com\/es\/producte\/sauna-hekla-cube-160\/#breadcrumb"},"inLanguage":"es","potentialAction":[{"@type":"ReadAction","target":["https:\/\/www.spaipiscines.com\/es\/producte\/sauna-hekla-cube-160\/"]}]},{"@type":"ImageObject","inLanguage":"es","@id":"https:\/\/www.spaipiscines.com\/es\/producte\/sauna-hekla-cube-160\/#primaryimage","url":"https:\/\/www.spaipiscines.com\/wp-content\/uploads\/2023\/03\/cube-sauna-780x813-1.png","contentUrl":"https:\/\/www.spaipiscines.com\/wp-content\/uploads\/2023\/03\/cube-sauna-780x813-1.png","width":780,"height":813},{"@type":"BreadcrumbList","@id":"https:\/\/www.spaipiscines.com\/es\/producte\/sauna-hekla-cube-160\/#breadcrumb","itemListElement":[{"@type":"ListItem","position":1,"name":"Inici","item":"https:\/\/www.spaipiscines.com\/es\/"},{"@type":"ListItem","position":2,"name":"Tienda","item":"https:\/\/www.spaipiscines.com\/es\/tienda\/"},{"@type":"ListItem","position":3,"name":"Sauna Hekla Cube 160"}]},{"@type":"WebSite","@id":"https:\/\/www.spaipiscines.com\/es\/#website","url":"https:\/\/www.spaipiscines.com\/es\/","name":"Spa i Piscines","description":"Fabricaci\u00f3 i muntatge de piscines a Girona","potentialAction":[{"@type":"SearchAction","target":{"@type":"EntryPoint","urlTemplate":"https:\/\/www.spaipiscines.com\/es\/?s={search_term_string}"},"query-input":{"@type":"PropertyValueSpecification","valueRequired":true,"valueName":"search_term_string"}}],"inLanguage":"es"}]}},"_links":{"self":[{"href":"https:\/\/www.spaipiscines.com\/es\/wp-json\/wp\/v2\/product\/209642","targetHints":{"allow":["GET"]}}],"collection":[{"href":"https:\/\/www.spaipiscines.com\/es\/wp-json\/wp\/v2\/product"}],"about":[{"href":"https:\/\/www.spaipiscines.com\/es\/wp-json\/wp\/v2\/types\/product"}],"replies":[{"embeddable":true,"href":"https:\/\/www.spaipiscines.com\/es\/wp-json\/wp\/v2\/comments?post=209642"}],"wp:featuredmedia":[{"embeddable":true,"href":"https:\/\/www.spaipiscines.com\/es\/wp-json\/wp\/v2\/media\/209638"}],"wp:attachment":[{"href":"https:\/\/www.spaipiscines.com\/es\/wp-json\/wp\/v2\/media?parent=209642"}],"wp:term":[{"taxonomy":"product_brand","embeddable":true,"href":"https:\/\/www.spaipiscines.com\/es\/wp-json\/wp\/v2\/product_brand?post=209642"},{"taxonomy":"product_cat","embeddable":true,"href":"https:\/\/www.spaipiscines.com\/es\/wp-json\/wp\/v2\/product_cat?post=209642"},{"taxonomy":"product_tag","embeddable":true,"href":"https:\/\/www.spaipiscines.com\/es\/wp-json\/wp\/v2\/product_tag?post=209642"}],"curies":[{"name":"wp","href":"https:\/\/api.w.org\/{rel}","templated":true}]}}