{"id":208904,"date":"2022-06-29T09:13:48","date_gmt":"2022-06-29T09:13:48","guid":{"rendered":"https:\/\/spaipiscines.com\/?post_type=product&#038;p=208904"},"modified":"2022-07-07T07:46:57","modified_gmt":"2022-07-07T07:46:57","slug":"swim-6-6x230-x-150-mts-prof","status":"publish","type":"product","link":"https:\/\/www.spaipiscines.com\/es\/producte\/swim-6-6x230-x-150-mts-prof\/","title":{"rendered":"SWIM 6 \u2013 6X2,30 X 1,50 MTS PROF"},"content":{"rendered":"<p><strong>SWIM 6<\/strong> el nostre model piscina per nedar tipus carril de nataci\u00f3 m\u00e9s petita per a espais m\u00e9s limitats, per\u00f2 que no vulguin renunciar a l&#8217;opci\u00f3 saludable de fer exercici amb la instal\u00b7laci\u00f3 d&#8217;una nataci\u00f3 contracorrent.<\/p>\n","protected":false},"excerpt":{"rendered":"<p>SWIM 6 el nostre model piscina per nedar tipus carril de nataci\u00f3 m\u00e9s petita per a espais m\u00e9s limitats, per\u00f2 que no vulguin renunciar a l&#8217;opci\u00f3 saludable de fer exercici amb la instal\u00b7laci\u00f3 d&#8217;una nataci\u00f3 contracorrent.<\/p>\n","protected":false},"featured_media":208905,"comment_status":"open","ping_status":"closed","template":"","meta":[],"product_brand":[],"product_cat":[39,33],"product_tag":[],"class_list":{"0":"post-208904","1":"product","2":"type-product","3":"status-publish","4":"has-post-thumbnail","6":"product_cat-carril-de-natacio","7":"product_cat-rectangular","9":"first","10":"instock","11":"shipping-taxable","12":"product-type-simple"},"yoast_head":"<!-- This site is optimized with the Yoast SEO plugin v27.2 - https:\/\/yoast.com\/product\/yoast-seo-wordpress\/ -->\n<title>SWIM 6 \u2013 6X2,30 X 1,50 MTS PROF - Spa i Piscines<\/title>\n<meta name=\"robots\" content=\"index, follow, max-snippet:-1, max-image-preview:large, max-video-preview:-1\" \/>\n<link rel=\"canonical\" href=\"https:\/\/www.spaipiscines.com\/es\/producte\/swim-6-6x230-x-150-mts-prof\/\" \/>\n<meta property=\"og:locale\" content=\"es_ES\" \/>\n<meta property=\"og:type\" content=\"article\" \/>\n<meta property=\"og:title\" content=\"SWIM 6 \u2013 6X2,30 X 1,50 MTS PROF - Spa i Piscines\" \/>\n<meta property=\"og:description\" content=\"SWIM 6 el nostre model piscina per nedar tipus carril de nataci\u00f3 m\u00e9s petita per a espais m\u00e9s limitats, per\u00f2 que no vulguin renunciar a l&#8217;opci\u00f3 saludable de fer exercici amb la instal\u00b7laci\u00f3 d&#8217;una nataci\u00f3 contracorrent.\" \/>\n<meta property=\"og:url\" content=\"https:\/\/www.spaipiscines.com\/es\/producte\/swim-6-6x230-x-150-mts-prof\/\" \/>\n<meta property=\"og:site_name\" content=\"Spa i Piscines\" \/>\n<meta property=\"article:modified_time\" content=\"2022-07-07T07:46:57+00:00\" \/>\n<meta property=\"og:image\" content=\"https:\/\/www.spaipiscines.com\/wp-content\/uploads\/2022\/06\/carril-natacion2.jpg\" \/>\n\t<meta property=\"og:image:width\" content=\"461\" \/>\n\t<meta property=\"og:image:height\" content=\"270\" \/>\n\t<meta property=\"og:image:type\" content=\"image\/jpeg\" \/>\n<meta name=\"twitter:card\" content=\"summary_large_image\" \/>\n<script type=\"application\/ld+json\" class=\"yoast-schema-graph\">{\"@context\":\"https:\/\/schema.org\",\"@graph\":[{\"@type\":\"WebPage\",\"@id\":\"https:\/\/www.spaipiscines.com\/es\/producte\/swim-6-6x230-x-150-mts-prof\/\",\"url\":\"https:\/\/www.spaipiscines.com\/es\/producte\/swim-6-6x230-x-150-mts-prof\/\",\"name\":\"SWIM 6 \u2013 6X2,30 X 1,50 MTS PROF - Spa i Piscines\",\"isPartOf\":{\"@id\":\"https:\/\/www.spaipiscines.com\/es\/#website\"},\"primaryImageOfPage\":{\"@id\":\"https:\/\/www.spaipiscines.com\/es\/producte\/swim-6-6x230-x-150-mts-prof\/#primaryimage\"},\"image\":{\"@id\":\"https:\/\/www.spaipiscines.com\/es\/producte\/swim-6-6x230-x-150-mts-prof\/#primaryimage\"},\"thumbnailUrl\":\"https:\/\/www.spaipiscines.com\/wp-content\/uploads\/2022\/06\/carril-natacion2.jpg\",\"datePublished\":\"2022-06-29T09:13:48+00:00\",\"dateModified\":\"2022-07-07T07:46:57+00:00\",\"breadcrumb\":{\"@id\":\"https:\/\/www.spaipiscines.com\/es\/producte\/swim-6-6x230-x-150-mts-prof\/#breadcrumb\"},\"inLanguage\":\"es\",\"potentialAction\":[{\"@type\":\"ReadAction\",\"target\":[\"https:\/\/www.spaipiscines.com\/es\/producte\/swim-6-6x230-x-150-mts-prof\/\"]}]},{\"@type\":\"ImageObject\",\"inLanguage\":\"es\",\"@id\":\"https:\/\/www.spaipiscines.com\/es\/producte\/swim-6-6x230-x-150-mts-prof\/#primaryimage\",\"url\":\"https:\/\/www.spaipiscines.com\/wp-content\/uploads\/2022\/06\/carril-natacion2.jpg\",\"contentUrl\":\"https:\/\/www.spaipiscines.com\/wp-content\/uploads\/2022\/06\/carril-natacion2.jpg\",\"width\":461,\"height\":270},{\"@type\":\"BreadcrumbList\",\"@id\":\"https:\/\/www.spaipiscines.com\/es\/producte\/swim-6-6x230-x-150-mts-prof\/#breadcrumb\",\"itemListElement\":[{\"@type\":\"ListItem\",\"position\":1,\"name\":\"Inici\",\"item\":\"https:\/\/www.spaipiscines.com\/es\/\"},{\"@type\":\"ListItem\",\"position\":2,\"name\":\"Tienda\",\"item\":\"https:\/\/www.spaipiscines.com\/es\/tienda\/\"},{\"@type\":\"ListItem\",\"position\":3,\"name\":\"SWIM 6 \u2013 6X2,30 X 1,50 MTS PROF\"}]},{\"@type\":\"WebSite\",\"@id\":\"https:\/\/www.spaipiscines.com\/es\/#website\",\"url\":\"https:\/\/www.spaipiscines.com\/es\/\",\"name\":\"Spa i Piscines\",\"description\":\"Fabricaci\u00f3 i muntatge de piscines a Girona\",\"potentialAction\":[{\"@type\":\"SearchAction\",\"target\":{\"@type\":\"EntryPoint\",\"urlTemplate\":\"https:\/\/www.spaipiscines.com\/es\/?s={search_term_string}\"},\"query-input\":{\"@type\":\"PropertyValueSpecification\",\"valueRequired\":true,\"valueName\":\"search_term_string\"}}],\"inLanguage\":\"es\"}]}<\/script>\n<!-- \/ Yoast SEO plugin. -->","yoast_head_json":{"title":"SWIM 6 \u2013 6X2,30 X 1,50 MTS PROF - Spa i Piscines","robots":{"index":"index","follow":"follow","max-snippet":"max-snippet:-1","max-image-preview":"max-image-preview:large","max-video-preview":"max-video-preview:-1"},"canonical":"https:\/\/www.spaipiscines.com\/es\/producte\/swim-6-6x230-x-150-mts-prof\/","og_locale":"es_ES","og_type":"article","og_title":"SWIM 6 \u2013 6X2,30 X 1,50 MTS PROF - Spa i Piscines","og_description":"SWIM 6 el nostre model piscina per nedar tipus carril de nataci\u00f3 m\u00e9s petita per a espais m\u00e9s limitats, per\u00f2 que no vulguin renunciar a l&#8217;opci\u00f3 saludable de fer exercici amb la instal\u00b7laci\u00f3 d&#8217;una nataci\u00f3 contracorrent.","og_url":"https:\/\/www.spaipiscines.com\/es\/producte\/swim-6-6x230-x-150-mts-prof\/","og_site_name":"Spa i Piscines","article_modified_time":"2022-07-07T07:46:57+00:00","og_image":[{"width":461,"height":270,"url":"https:\/\/www.spaipiscines.com\/wp-content\/uploads\/2022\/06\/carril-natacion2.jpg","type":"image\/jpeg"}],"twitter_card":"summary_large_image","schema":{"@context":"https:\/\/schema.org","@graph":[{"@type":"WebPage","@id":"https:\/\/www.spaipiscines.com\/es\/producte\/swim-6-6x230-x-150-mts-prof\/","url":"https:\/\/www.spaipiscines.com\/es\/producte\/swim-6-6x230-x-150-mts-prof\/","name":"SWIM 6 \u2013 6X2,30 X 1,50 MTS PROF - Spa i Piscines","isPartOf":{"@id":"https:\/\/www.spaipiscines.com\/es\/#website"},"primaryImageOfPage":{"@id":"https:\/\/www.spaipiscines.com\/es\/producte\/swim-6-6x230-x-150-mts-prof\/#primaryimage"},"image":{"@id":"https:\/\/www.spaipiscines.com\/es\/producte\/swim-6-6x230-x-150-mts-prof\/#primaryimage"},"thumbnailUrl":"https:\/\/www.spaipiscines.com\/wp-content\/uploads\/2022\/06\/carril-natacion2.jpg","datePublished":"2022-06-29T09:13:48+00:00","dateModified":"2022-07-07T07:46:57+00:00","breadcrumb":{"@id":"https:\/\/www.spaipiscines.com\/es\/producte\/swim-6-6x230-x-150-mts-prof\/#breadcrumb"},"inLanguage":"es","potentialAction":[{"@type":"ReadAction","target":["https:\/\/www.spaipiscines.com\/es\/producte\/swim-6-6x230-x-150-mts-prof\/"]}]},{"@type":"ImageObject","inLanguage":"es","@id":"https:\/\/www.spaipiscines.com\/es\/producte\/swim-6-6x230-x-150-mts-prof\/#primaryimage","url":"https:\/\/www.spaipiscines.com\/wp-content\/uploads\/2022\/06\/carril-natacion2.jpg","contentUrl":"https:\/\/www.spaipiscines.com\/wp-content\/uploads\/2022\/06\/carril-natacion2.jpg","width":461,"height":270},{"@type":"BreadcrumbList","@id":"https:\/\/www.spaipiscines.com\/es\/producte\/swim-6-6x230-x-150-mts-prof\/#breadcrumb","itemListElement":[{"@type":"ListItem","position":1,"name":"Inici","item":"https:\/\/www.spaipiscines.com\/es\/"},{"@type":"ListItem","position":2,"name":"Tienda","item":"https:\/\/www.spaipiscines.com\/es\/tienda\/"},{"@type":"ListItem","position":3,"name":"SWIM 6 \u2013 6X2,30 X 1,50 MTS PROF"}]},{"@type":"WebSite","@id":"https:\/\/www.spaipiscines.com\/es\/#website","url":"https:\/\/www.spaipiscines.com\/es\/","name":"Spa i Piscines","description":"Fabricaci\u00f3 i muntatge de piscines a Girona","potentialAction":[{"@type":"SearchAction","target":{"@type":"EntryPoint","urlTemplate":"https:\/\/www.spaipiscines.com\/es\/?s={search_term_string}"},"query-input":{"@type":"PropertyValueSpecification","valueRequired":true,"valueName":"search_term_string"}}],"inLanguage":"es"}]}},"_links":{"self":[{"href":"https:\/\/www.spaipiscines.com\/es\/wp-json\/wp\/v2\/product\/208904","targetHints":{"allow":["GET"]}}],"collection":[{"href":"https:\/\/www.spaipiscines.com\/es\/wp-json\/wp\/v2\/product"}],"about":[{"href":"https:\/\/www.spaipiscines.com\/es\/wp-json\/wp\/v2\/types\/product"}],"replies":[{"embeddable":true,"href":"https:\/\/www.spaipiscines.com\/es\/wp-json\/wp\/v2\/comments?post=208904"}],"wp:featuredmedia":[{"embeddable":true,"href":"https:\/\/www.spaipiscines.com\/es\/wp-json\/wp\/v2\/media\/208905"}],"wp:attachment":[{"href":"https:\/\/www.spaipiscines.com\/es\/wp-json\/wp\/v2\/media?parent=208904"}],"wp:term":[{"taxonomy":"product_brand","embeddable":true,"href":"https:\/\/www.spaipiscines.com\/es\/wp-json\/wp\/v2\/product_brand?post=208904"},{"taxonomy":"product_cat","embeddable":true,"href":"https:\/\/www.spaipiscines.com\/es\/wp-json\/wp\/v2\/product_cat?post=208904"},{"taxonomy":"product_tag","embeddable":true,"href":"https:\/\/www.spaipiscines.com\/es\/wp-json\/wp\/v2\/product_tag?post=208904"}],"curies":[{"name":"wp","href":"https:\/\/api.w.org\/{rel}","templated":true}]}}