{"id":210497,"date":"2022-06-30T07:48:13","date_gmt":"2022-06-30T05:48:13","guid":{"rendered":"https:\/\/www.spaipiscines.com\/politica-de-privacidad\/"},"modified":"2024-07-15T19:40:34","modified_gmt":"2024-07-15T17:40:34","slug":"politica-de-privacidad","status":"publish","type":"page","link":"https:\/\/www.spaipiscines.com\/es\/politica-de-privacidad\/","title":{"rendered":"Pol\u00edtica de Privacidad"},"content":{"rendered":"<style>.elementor-210497 .elementor-element.elementor-element-68f23ac{font-family:\"Lato\", Sans-serif;font-size:22px;color:#070707;}<\/style>\t\t<div data-elementor-type=\"wp-page\" data-elementor-id=\"210497\" class=\"elementor elementor-210497 elementor-208961\" data-elementor-post-type=\"page\">\n\t\t\t\t\t\t<section class=\"elementor-section elementor-top-section elementor-element elementor-element-f8daa6c elementor-section-boxed elementor-section-height-default elementor-section-height-default\" data-id=\"f8daa6c\" data-element_type=\"section\" data-e-type=\"section\">\n\t\t\t\t\t\t<div class=\"elementor-container elementor-column-gap-default\">\n\t\t\t\t\t<div class=\"elementor-column elementor-col-100 elementor-top-column elementor-element elementor-element-1149a1f\" data-id=\"1149a1f\" data-element_type=\"column\" data-e-type=\"column\">\n\t\t\t<div class=\"elementor-widget-wrap elementor-element-populated\">\n\t\t\t\t\t\t<section class=\"elementor-section elementor-inner-section elementor-element elementor-element-f524223 elementor-section-boxed elementor-section-height-default elementor-section-height-default\" data-id=\"f524223\" data-element_type=\"section\" data-e-type=\"section\">\n\t\t\t\t\t\t<div class=\"elementor-container elementor-column-gap-default\">\n\t\t\t\t\t<div class=\"elementor-column elementor-col-100 elementor-inner-column elementor-element elementor-element-12a9bfc\" data-id=\"12a9bfc\" data-element_type=\"column\" data-e-type=\"column\">\n\t\t\t<div class=\"elementor-widget-wrap elementor-element-populated\">\n\t\t\t\t\t\t<div class=\"elementor-element elementor-element-68f23ac elementor-widget elementor-widget-text-editor\" data-id=\"68f23ac\" data-element_type=\"widget\" data-e-type=\"widget\" data-widget_type=\"text-editor.default\">\n\t\t\t\t<div class=\"elementor-widget-container\">\n\t\t\t\t\t\t\t\t\t<p><strong>Pol\u00edtica de privacidad de Spa i Piscines<\/strong><\/p>\n<p>Spa i Piscines opera el sitio web www.spaipiscines.com, que proporciona el SERVICIO.<br \/>\nEsta p\u00e1gina se utiliza para informar a los visitantes del sitio web sobre nuestras pol\u00edticas con la recogida, uso y divulgaci\u00f3n de informaci\u00f3n personal si alguien decide utilizar nuestro servicio, el sitio web Spa y Piscinas.<br \/>\nSi opta por utilizar nuestro Servicio, acepte la recogida y el uso de informaci\u00f3n en relaci\u00f3n con esta pol\u00edtica. La informaci\u00f3n personal que recopilamos se utiliza para ofrecer y mejorar el Servicio. No utilizaremos ni compartiremos tu informaci\u00f3n con nadie excepto como se describe en esta Pol\u00edtica de privacidad.<br \/>\nPara una mejor experiencia mientras utiliza nuestro Servicio, es posible que le exigiremos que nos proporcione cierta informaci\u00f3n de identificaci\u00f3n personal, incluido, entre otros, su nombre, n\u00famero de tel\u00e9fono y direcci\u00f3n postal. La informaci\u00f3n que recopilamos se utilizar\u00e1 para contactar o identificarse.<\/p>\n<p><strong>Datos de registro<\/strong><\/p>\n<p>Queremos informarle de que siempre que visite nuestro Servicio, recopilamos la informaci\u00f3n que nos env\u00eda su navegador que se llama Datos de registro. Estos datos de registro pueden incluir informaci\u00f3n como la direcci\u00f3n del protocolo de Internet (\u00abIP\u00bb) de su ordenador, la versi\u00f3n del navegador, las p\u00e1ginas de nuestro Servicio que visita, la hora y la fecha de su visita, el tiempo dedicado a estas p\u00e1ginas y otras estad\u00edsticas.<\/p>\n\t\t\t\t\t\t\t\t<\/div>\n\t\t\t\t<\/div>\n\t\t\t\t\t<\/div>\n\t\t<\/div>\n\t\t\t\t\t<\/div>\n\t\t<\/section>\n\t\t\t\t\t<\/div>\n\t\t<\/div>\n\t\t\t\t\t<\/div>\n\t\t<\/section>\n\t\t\t\t<\/div>\n\t\t","protected":false},"excerpt":{"rendered":"<p>Pol\u00edtica de privacidad de Spa i Piscines Spa i Piscines opera el sitio web www.spaipiscines.com, que proporciona el SERVICIO. Esta p\u00e1gina se utiliza para informar a los visitantes del sitio web sobre nuestras pol\u00edticas con la recogida, uso y divulgaci\u00f3n de informaci\u00f3n personal si alguien decide utilizar nuestro servicio, el sitio web Spa y Piscinas. &#8230; <a title=\"Pol\u00edtica de Privacidad\" class=\"read-more\" href=\"https:\/\/www.spaipiscines.com\/es\/politica-de-privacidad\/\" aria-label=\"Leer m\u00e1s sobre Pol\u00edtica de Privacidad\">Leer m\u00e1s<\/a><\/p>\n","protected":false},"author":5,"featured_media":0,"parent":0,"menu_order":0,"comment_status":"closed","ping_status":"closed","template":"","meta":{"footnotes":""},"class_list":["post-210497","page","type-page","status-publish"],"yoast_head":"<!-- This site is optimized with the Yoast SEO plugin v27.2 - https:\/\/yoast.com\/product\/yoast-seo-wordpress\/ -->\n<title>Pol\u00edtica de Privacidad - Spa i Piscines<\/title>\n<meta name=\"robots\" content=\"index, follow, max-snippet:-1, max-image-preview:large, max-video-preview:-1\" \/>\n<link rel=\"canonical\" href=\"https:\/\/www.spaipiscines.com\/es\/politica-de-privacidad\/\" \/>\n<meta property=\"og:locale\" content=\"es_ES\" \/>\n<meta property=\"og:type\" content=\"article\" \/>\n<meta property=\"og:title\" content=\"Pol\u00edtica de Privacidad - Spa i Piscines\" \/>\n<meta property=\"og:description\" content=\"Pol\u00edtica de privacidad de Spa i Piscines Spa i Piscines opera el sitio web www.spaipiscines.com, que proporciona el SERVICIO. Esta p\u00e1gina se utiliza para informar a los visitantes del sitio web sobre nuestras pol\u00edticas con la recogida, uso y divulgaci\u00f3n de informaci\u00f3n personal si alguien decide utilizar nuestro servicio, el sitio web Spa y Piscinas. ... Leer m\u00e1s\" \/>\n<meta property=\"og:url\" content=\"https:\/\/www.spaipiscines.com\/es\/politica-de-privacidad\/\" \/>\n<meta property=\"og:site_name\" content=\"Spa i Piscines\" \/>\n<meta property=\"article:modified_time\" content=\"2024-07-15T17:40:34+00:00\" \/>\n<meta name=\"twitter:card\" content=\"summary_large_image\" \/>\n<meta name=\"twitter:label1\" content=\"Tiempo de lectura\" \/>\n\t<meta name=\"twitter:data1\" content=\"1 minuto\" \/>\n<script type=\"application\/ld+json\" class=\"yoast-schema-graph\">{\"@context\":\"https:\/\/schema.org\",\"@graph\":[{\"@type\":\"WebPage\",\"@id\":\"https:\/\/www.spaipiscines.com\/es\/politica-de-privacidad\/\",\"url\":\"https:\/\/www.spaipiscines.com\/es\/politica-de-privacidad\/\",\"name\":\"Pol\u00edtica de Privacidad - Spa i Piscines\",\"isPartOf\":{\"@id\":\"https:\/\/www.spaipiscines.com\/es\/#website\"},\"datePublished\":\"2022-06-30T05:48:13+00:00\",\"dateModified\":\"2024-07-15T17:40:34+00:00\",\"breadcrumb\":{\"@id\":\"https:\/\/www.spaipiscines.com\/es\/politica-de-privacidad\/#breadcrumb\"},\"inLanguage\":\"es\",\"potentialAction\":[{\"@type\":\"ReadAction\",\"target\":[\"https:\/\/www.spaipiscines.com\/es\/politica-de-privacidad\/\"]}]},{\"@type\":\"BreadcrumbList\",\"@id\":\"https:\/\/www.spaipiscines.com\/es\/politica-de-privacidad\/#breadcrumb\",\"itemListElement\":[{\"@type\":\"ListItem\",\"position\":1,\"name\":\"Inici\",\"item\":\"https:\/\/www.spaipiscines.com\/es\/\"},{\"@type\":\"ListItem\",\"position\":2,\"name\":\"Pol\u00edtica de Privacidad\"}]},{\"@type\":\"WebSite\",\"@id\":\"https:\/\/www.spaipiscines.com\/es\/#website\",\"url\":\"https:\/\/www.spaipiscines.com\/es\/\",\"name\":\"Spa i Piscines\",\"description\":\"Fabricaci\u00f3 i muntatge de piscines a Girona\",\"potentialAction\":[{\"@type\":\"SearchAction\",\"target\":{\"@type\":\"EntryPoint\",\"urlTemplate\":\"https:\/\/www.spaipiscines.com\/es\/?s={search_term_string}\"},\"query-input\":{\"@type\":\"PropertyValueSpecification\",\"valueRequired\":true,\"valueName\":\"search_term_string\"}}],\"inLanguage\":\"es\"}]}<\/script>\n<!-- \/ Yoast SEO plugin. -->","yoast_head_json":{"title":"Pol\u00edtica de Privacidad - Spa i Piscines","robots":{"index":"index","follow":"follow","max-snippet":"max-snippet:-1","max-image-preview":"max-image-preview:large","max-video-preview":"max-video-preview:-1"},"canonical":"https:\/\/www.spaipiscines.com\/es\/politica-de-privacidad\/","og_locale":"es_ES","og_type":"article","og_title":"Pol\u00edtica de Privacidad - Spa i Piscines","og_description":"Pol\u00edtica de privacidad de Spa i Piscines Spa i Piscines opera el sitio web www.spaipiscines.com, que proporciona el SERVICIO. Esta p\u00e1gina se utiliza para informar a los visitantes del sitio web sobre nuestras pol\u00edticas con la recogida, uso y divulgaci\u00f3n de informaci\u00f3n personal si alguien decide utilizar nuestro servicio, el sitio web Spa y Piscinas. ... Leer m\u00e1s","og_url":"https:\/\/www.spaipiscines.com\/es\/politica-de-privacidad\/","og_site_name":"Spa i Piscines","article_modified_time":"2024-07-15T17:40:34+00:00","twitter_card":"summary_large_image","twitter_misc":{"Tiempo de lectura":"1 minuto"},"schema":{"@context":"https:\/\/schema.org","@graph":[{"@type":"WebPage","@id":"https:\/\/www.spaipiscines.com\/es\/politica-de-privacidad\/","url":"https:\/\/www.spaipiscines.com\/es\/politica-de-privacidad\/","name":"Pol\u00edtica de Privacidad - Spa i Piscines","isPartOf":{"@id":"https:\/\/www.spaipiscines.com\/es\/#website"},"datePublished":"2022-06-30T05:48:13+00:00","dateModified":"2024-07-15T17:40:34+00:00","breadcrumb":{"@id":"https:\/\/www.spaipiscines.com\/es\/politica-de-privacidad\/#breadcrumb"},"inLanguage":"es","potentialAction":[{"@type":"ReadAction","target":["https:\/\/www.spaipiscines.com\/es\/politica-de-privacidad\/"]}]},{"@type":"BreadcrumbList","@id":"https:\/\/www.spaipiscines.com\/es\/politica-de-privacidad\/#breadcrumb","itemListElement":[{"@type":"ListItem","position":1,"name":"Inici","item":"https:\/\/www.spaipiscines.com\/es\/"},{"@type":"ListItem","position":2,"name":"Pol\u00edtica de Privacidad"}]},{"@type":"WebSite","@id":"https:\/\/www.spaipiscines.com\/es\/#website","url":"https:\/\/www.spaipiscines.com\/es\/","name":"Spa i Piscines","description":"Fabricaci\u00f3 i muntatge de piscines a Girona","potentialAction":[{"@type":"SearchAction","target":{"@type":"EntryPoint","urlTemplate":"https:\/\/www.spaipiscines.com\/es\/?s={search_term_string}"},"query-input":{"@type":"PropertyValueSpecification","valueRequired":true,"valueName":"search_term_string"}}],"inLanguage":"es"}]}},"_links":{"self":[{"href":"https:\/\/www.spaipiscines.com\/es\/wp-json\/wp\/v2\/pages\/210497","targetHints":{"allow":["GET"]}}],"collection":[{"href":"https:\/\/www.spaipiscines.com\/es\/wp-json\/wp\/v2\/pages"}],"about":[{"href":"https:\/\/www.spaipiscines.com\/es\/wp-json\/wp\/v2\/types\/page"}],"author":[{"embeddable":true,"href":"https:\/\/www.spaipiscines.com\/es\/wp-json\/wp\/v2\/users\/5"}],"replies":[{"embeddable":true,"href":"https:\/\/www.spaipiscines.com\/es\/wp-json\/wp\/v2\/comments?post=210497"}],"version-history":[{"count":1,"href":"https:\/\/www.spaipiscines.com\/es\/wp-json\/wp\/v2\/pages\/210497\/revisions"}],"predecessor-version":[{"id":210498,"href":"https:\/\/www.spaipiscines.com\/es\/wp-json\/wp\/v2\/pages\/210497\/revisions\/210498"}],"wp:attachment":[{"href":"https:\/\/www.spaipiscines.com\/es\/wp-json\/wp\/v2\/media?parent=210497"}],"curies":[{"name":"wp","href":"https:\/\/api.w.org\/{rel}","templated":true}]}}